{"id":13198,"date":"2024-04-11T16:54:10","date_gmt":"2024-04-11T14:54:10","guid":{"rendered":"https:\/\/fllaurado.com\/?page_id=13198"},"modified":"2024-07-25T13:37:54","modified_gmt":"2024-07-25T11:37:54","slug":"agents-dassegurances","status":"publish","type":"page","link":"https:\/\/fllaurado.com\/ca\/agents-dassegurances\/","title":{"rendered":"Agents d\u2019assegurances"},"content":{"rendered":"\t\t<div data-elementor-type=\"wp-page\" data-elementor-id=\"13198\" class=\"elementor elementor-13198 elementor-10489\">\n\t\t\t\t<div class=\"elementor-element elementor-element-b2abc08 e-flex e-con-boxed e-con e-parent\" data-id=\"b2abc08\" data-element_type=\"container\">\n\t\t\t\t\t<div class=\"e-con-inner\">\n\t\t\t\t<div class=\"elementor-element elementor-element-85e5a36 elementor-widget elementor-widget-wp-widget-bcn_widget\" data-id=\"85e5a36\" data-element_type=\"widget\" data-widget_type=\"wp-widget-bcn_widget.default\">\n\t\t\t\t<div class=\"elementor-widget-container\">\n\t\t\t<div class=\"breadcrumbs\" vocab=\"https:\/\/schema.org\/\" typeof=\"BreadcrumbList\"><span property=\"itemListElement\" typeof=\"ListItem\"><a property=\"item\" typeof=\"WebPage\" title=\"V\u00e9s a Finques Llaurado.\" href=\"https:\/\/fllaurado.com\/ca\/\" class=\"home\" aria-current=\"page\"><span property=\"name\">Finques Llaurado<\/span><\/a><meta property=\"position\" content=\"1\"><\/span><\/div>\t\t<\/div>\n\t\t\t\t<\/div>\n\t\t\t\t\t<\/div>\n\t\t\t\t<\/div>\n\t\t<div class=\"elementor-element elementor-element-50e71b0 e-flex e-con-boxed e-con e-parent\" data-id=\"50e71b0\" data-element_type=\"container\">\n\t\t\t\t\t<div class=\"e-con-inner\">\n\t\t\t\t<div class=\"elementor-element elementor-element-5d7e26cd elementor-widget elementor-widget-text-editor\" data-id=\"5d7e26cd\" data-element_type=\"widget\" data-widget_type=\"text-editor.default\">\n\t\t\t\t<div class=\"elementor-widget-container\">\n\t\t\t\t\t\t\t<p><img fetchpriority=\"high\" decoding=\"async\" class=\"alignleft wp-image-10490\" src=\"http:\/\/fllaurado.com\/wp-content\/uploads\/2024\/04\/Agente-de-seguros-2-1-1024x697.jpg\" alt=\"\" width=\"500\" height=\"340\" \/><\/p><p>Finques Llaurad\u00f3 ofereix la contractaci\u00f3 de l&#8217;asseguran\u00e7a dels seus immobles despr\u00e9s d&#8217;analitzar les seves necessitats, assessorant-se i facilitant-li la millor relaci\u00f3, condici\u00f3-preu de tota classe d&#8217;assegurances immobili\u00e0ries.<\/p><p>\u2981 Assegurances integrals per a la Comunitat de Propietaris<br \/>\u2981 Assegurances de la llar i locals: contingut, continent i responsabilitat civil.<br \/>\u2981 Assegurances d&#8217;impagament de lloguers.<\/p>\t\t\t\t\t\t<\/div>\n\t\t\t\t<\/div>\n\t\t\t\t\t<\/div>\n\t\t\t\t<\/div>\n\t\t\t\t<\/div>\n\t\t","protected":false},"excerpt":{"rendered":"<p>Finques Llaurad\u00f3 ofereix la contractaci\u00f3 de l&#8217;asseguran\u00e7a dels seus immobles despr\u00e9s d&#8217;analitzar les seves necessitats, assessorant-se i facilitant-li la millor relaci\u00f3, condici\u00f3-preu de tota classe d&#8217;assegurances immobili\u00e0ries. \u2981 Assegurances integrals per a la Comunitat de Propietaris\u2981 Assegurances de la llar i locals: contingut, continent i responsabilitat civil.\u2981 Assegurances d&#8217;impagament de lloguers.<\/p>\n","protected":false},"author":1,"featured_media":0,"parent":0,"menu_order":0,"comment_status":"closed","ping_status":"open","template":"","meta":{"footnotes":""},"class_list":["post-13198","page","type-page","status-publish","hentry"],"yoast_head":"<!-- This site is optimized with the Yoast SEO plugin v27.0 - https:\/\/yoast.com\/product\/yoast-seo-wordpress\/ -->\n<title>Agents d\u2019assegurances - Finques Llaurado<\/title>\n<meta name=\"robots\" content=\"index, follow, max-snippet:-1, max-image-preview:large, max-video-preview:-1\" \/>\n<link rel=\"canonical\" href=\"https:\/\/fllaurado.com\/ca\/agents-dassegurances\/\" \/>\n<meta property=\"og:locale\" content=\"ca_ES\" \/>\n<meta property=\"og:type\" content=\"article\" \/>\n<meta property=\"og:title\" content=\"Agents d\u2019assegurances - Finques Llaurado\" \/>\n<meta property=\"og:description\" content=\"Finques Llaurad\u00f3 ofereix la contractaci\u00f3 de l&#8217;asseguran\u00e7a dels seus immobles despr\u00e9s d&#8217;analitzar les seves necessitats, assessorant-se i facilitant-li la millor relaci\u00f3, condici\u00f3-preu de tota classe d&#8217;assegurances immobili\u00e0ries. \u2981 Assegurances integrals per a la Comunitat de Propietaris\u2981 Assegurances de la llar i locals: contingut, continent i responsabilitat civil.\u2981 Assegurances d&#8217;impagament de lloguers.\" \/>\n<meta property=\"og:url\" content=\"https:\/\/fllaurado.com\/ca\/agents-dassegurances\/\" \/>\n<meta property=\"og:site_name\" content=\"Finques Llaurado\" \/>\n<meta property=\"article:modified_time\" content=\"2024-07-25T11:37:54+00:00\" \/>\n<meta property=\"og:image\" content=\"http:\/\/fllaurado.com\/wp-content\/uploads\/2024\/04\/Agente-de-seguros-2-1-1024x697.jpg\" \/>\n<meta name=\"twitter:card\" content=\"summary_large_image\" \/>\n<script type=\"application\/ld+json\" class=\"yoast-schema-graph\">{\"@context\":\"https:\/\/schema.org\",\"@graph\":[{\"@type\":\"WebPage\",\"@id\":\"https:\/\/fllaurado.com\/ca\/agents-dassegurances\/\",\"url\":\"https:\/\/fllaurado.com\/ca\/agents-dassegurances\/\",\"name\":\"Agents d\u2019assegurances - Finques Llaurado\",\"isPartOf\":{\"@id\":\"https:\/\/fllaurado.com\/#website\"},\"primaryImageOfPage\":{\"@id\":\"https:\/\/fllaurado.com\/ca\/agents-dassegurances\/#primaryimage\"},\"image\":{\"@id\":\"https:\/\/fllaurado.com\/ca\/agents-dassegurances\/#primaryimage\"},\"thumbnailUrl\":\"http:\/\/fllaurado.com\/wp-content\/uploads\/2024\/04\/Agente-de-seguros-2-1-1024x697.jpg\",\"datePublished\":\"2024-04-11T14:54:10+00:00\",\"dateModified\":\"2024-07-25T11:37:54+00:00\",\"breadcrumb\":{\"@id\":\"https:\/\/fllaurado.com\/ca\/agents-dassegurances\/#breadcrumb\"},\"inLanguage\":\"ca\",\"potentialAction\":[{\"@type\":\"ReadAction\",\"target\":[\"https:\/\/fllaurado.com\/ca\/agents-dassegurances\/\"]}]},{\"@type\":\"ImageObject\",\"inLanguage\":\"ca\",\"@id\":\"https:\/\/fllaurado.com\/ca\/agents-dassegurances\/#primaryimage\",\"url\":\"http:\/\/fllaurado.com\/wp-content\/uploads\/2024\/04\/Agente-de-seguros-2-1-1024x697.jpg\",\"contentUrl\":\"http:\/\/fllaurado.com\/wp-content\/uploads\/2024\/04\/Agente-de-seguros-2-1-1024x697.jpg\"},{\"@type\":\"BreadcrumbList\",\"@id\":\"https:\/\/fllaurado.com\/ca\/agents-dassegurances\/#breadcrumb\",\"itemListElement\":[{\"@type\":\"ListItem\",\"position\":1,\"name\":\"Portada\",\"item\":\"https:\/\/fllaurado.com\/\"},{\"@type\":\"ListItem\",\"position\":2,\"name\":\"Agents d\u2019assegurances\"}]},{\"@type\":\"WebSite\",\"@id\":\"https:\/\/fllaurado.com\/#website\",\"url\":\"https:\/\/fllaurado.com\/\",\"name\":\"Finques Llaurado\",\"description\":\"EXPERIENCIA Y PROFESIONALIDAD\",\"publisher\":{\"@id\":\"https:\/\/fllaurado.com\/#organization\"},\"potentialAction\":[{\"@type\":\"SearchAction\",\"target\":{\"@type\":\"EntryPoint\",\"urlTemplate\":\"https:\/\/fllaurado.com\/?s={search_term_string}\"},\"query-input\":{\"@type\":\"PropertyValueSpecification\",\"valueRequired\":true,\"valueName\":\"search_term_string\"}}],\"inLanguage\":\"ca\"},{\"@type\":\"Organization\",\"@id\":\"https:\/\/fllaurado.com\/#organization\",\"name\":\"Finques Llaurado\",\"url\":\"https:\/\/fllaurado.com\/\",\"logo\":{\"@type\":\"ImageObject\",\"inLanguage\":\"ca\",\"@id\":\"https:\/\/fllaurado.com\/#\/schema\/logo\/image\/\",\"url\":\"https:\/\/fllaurado.com\/wp-content\/uploads\/2024\/06\/cropped-logonou.png\",\"contentUrl\":\"https:\/\/fllaurado.com\/wp-content\/uploads\/2024\/06\/cropped-logonou.png\",\"width\":345,\"height\":265,\"caption\":\"Finques Llaurado\"},\"image\":{\"@id\":\"https:\/\/fllaurado.com\/#\/schema\/logo\/image\/\"},\"sameAs\":[\"https:\/\/www.instagram.com\/finquesllaurado\/\"]}]}<\/script>\n<!-- \/ Yoast SEO plugin. -->","yoast_head_json":{"title":"Agents d\u2019assegurances - Finques Llaurado","robots":{"index":"index","follow":"follow","max-snippet":"max-snippet:-1","max-image-preview":"max-image-preview:large","max-video-preview":"max-video-preview:-1"},"canonical":"https:\/\/fllaurado.com\/ca\/agents-dassegurances\/","og_locale":"ca_ES","og_type":"article","og_title":"Agents d\u2019assegurances - Finques Llaurado","og_description":"Finques Llaurad\u00f3 ofereix la contractaci\u00f3 de l&#8217;asseguran\u00e7a dels seus immobles despr\u00e9s d&#8217;analitzar les seves necessitats, assessorant-se i facilitant-li la millor relaci\u00f3, condici\u00f3-preu de tota classe d&#8217;assegurances immobili\u00e0ries. \u2981 Assegurances integrals per a la Comunitat de Propietaris\u2981 Assegurances de la llar i locals: contingut, continent i responsabilitat civil.\u2981 Assegurances d&#8217;impagament de lloguers.","og_url":"https:\/\/fllaurado.com\/ca\/agents-dassegurances\/","og_site_name":"Finques Llaurado","article_modified_time":"2024-07-25T11:37:54+00:00","og_image":[{"url":"http:\/\/fllaurado.com\/wp-content\/uploads\/2024\/04\/Agente-de-seguros-2-1-1024x697.jpg","type":"","width":"","height":""}],"twitter_card":"summary_large_image","schema":{"@context":"https:\/\/schema.org","@graph":[{"@type":"WebPage","@id":"https:\/\/fllaurado.com\/ca\/agents-dassegurances\/","url":"https:\/\/fllaurado.com\/ca\/agents-dassegurances\/","name":"Agents d\u2019assegurances - Finques Llaurado","isPartOf":{"@id":"https:\/\/fllaurado.com\/#website"},"primaryImageOfPage":{"@id":"https:\/\/fllaurado.com\/ca\/agents-dassegurances\/#primaryimage"},"image":{"@id":"https:\/\/fllaurado.com\/ca\/agents-dassegurances\/#primaryimage"},"thumbnailUrl":"http:\/\/fllaurado.com\/wp-content\/uploads\/2024\/04\/Agente-de-seguros-2-1-1024x697.jpg","datePublished":"2024-04-11T14:54:10+00:00","dateModified":"2024-07-25T11:37:54+00:00","breadcrumb":{"@id":"https:\/\/fllaurado.com\/ca\/agents-dassegurances\/#breadcrumb"},"inLanguage":"ca","potentialAction":[{"@type":"ReadAction","target":["https:\/\/fllaurado.com\/ca\/agents-dassegurances\/"]}]},{"@type":"ImageObject","inLanguage":"ca","@id":"https:\/\/fllaurado.com\/ca\/agents-dassegurances\/#primaryimage","url":"http:\/\/fllaurado.com\/wp-content\/uploads\/2024\/04\/Agente-de-seguros-2-1-1024x697.jpg","contentUrl":"http:\/\/fllaurado.com\/wp-content\/uploads\/2024\/04\/Agente-de-seguros-2-1-1024x697.jpg"},{"@type":"BreadcrumbList","@id":"https:\/\/fllaurado.com\/ca\/agents-dassegurances\/#breadcrumb","itemListElement":[{"@type":"ListItem","position":1,"name":"Portada","item":"https:\/\/fllaurado.com\/"},{"@type":"ListItem","position":2,"name":"Agents d\u2019assegurances"}]},{"@type":"WebSite","@id":"https:\/\/fllaurado.com\/#website","url":"https:\/\/fllaurado.com\/","name":"Finques Llaurado","description":"EXPERIENCIA Y PROFESIONALIDAD","publisher":{"@id":"https:\/\/fllaurado.com\/#organization"},"potentialAction":[{"@type":"SearchAction","target":{"@type":"EntryPoint","urlTemplate":"https:\/\/fllaurado.com\/?s={search_term_string}"},"query-input":{"@type":"PropertyValueSpecification","valueRequired":true,"valueName":"search_term_string"}}],"inLanguage":"ca"},{"@type":"Organization","@id":"https:\/\/fllaurado.com\/#organization","name":"Finques Llaurado","url":"https:\/\/fllaurado.com\/","logo":{"@type":"ImageObject","inLanguage":"ca","@id":"https:\/\/fllaurado.com\/#\/schema\/logo\/image\/","url":"https:\/\/fllaurado.com\/wp-content\/uploads\/2024\/06\/cropped-logonou.png","contentUrl":"https:\/\/fllaurado.com\/wp-content\/uploads\/2024\/06\/cropped-logonou.png","width":345,"height":265,"caption":"Finques Llaurado"},"image":{"@id":"https:\/\/fllaurado.com\/#\/schema\/logo\/image\/"},"sameAs":["https:\/\/www.instagram.com\/finquesllaurado\/"]}]}},"_links":{"self":[{"href":"https:\/\/fllaurado.com\/ca\/wp-json\/wp\/v2\/pages\/13198","targetHints":{"allow":["GET"]}}],"collection":[{"href":"https:\/\/fllaurado.com\/ca\/wp-json\/wp\/v2\/pages"}],"about":[{"href":"https:\/\/fllaurado.com\/ca\/wp-json\/wp\/v2\/types\/page"}],"author":[{"embeddable":true,"href":"https:\/\/fllaurado.com\/ca\/wp-json\/wp\/v2\/users\/1"}],"replies":[{"embeddable":true,"href":"https:\/\/fllaurado.com\/ca\/wp-json\/wp\/v2\/comments?post=13198"}],"version-history":[{"count":4,"href":"https:\/\/fllaurado.com\/ca\/wp-json\/wp\/v2\/pages\/13198\/revisions"}],"predecessor-version":[{"id":13307,"href":"https:\/\/fllaurado.com\/ca\/wp-json\/wp\/v2\/pages\/13198\/revisions\/13307"}],"wp:attachment":[{"href":"https:\/\/fllaurado.com\/ca\/wp-json\/wp\/v2\/media?parent=13198"}],"curies":[{"name":"wp","href":"https:\/\/api.w.org\/{rel}","templated":true}]}}