{"id":13203,"date":"2024-04-11T16:43:40","date_gmt":"2024-04-11T14:43:40","guid":{"rendered":"https:\/\/fllaurado.com\/?page_id=13203"},"modified":"2024-07-25T13:34:30","modified_gmt":"2024-07-25T11:34:30","slug":"lloguers","status":"publish","type":"page","link":"https:\/\/fllaurado.com\/ca\/lloguers\/","title":{"rendered":"Lloguers"},"content":{"rendered":"\t\t<div data-elementor-type=\"wp-page\" data-elementor-id=\"13203\" class=\"elementor elementor-13203 elementor-10468\">\n\t\t\t\t<div class=\"elementor-element elementor-element-26fa4c9 e-flex e-con-boxed e-con e-parent\" data-id=\"26fa4c9\" data-element_type=\"container\">\n\t\t\t\t\t<div class=\"e-con-inner\">\n\t\t\t\t<div class=\"elementor-element elementor-element-dd9f593 elementor-widget elementor-widget-wp-widget-bcn_widget\" data-id=\"dd9f593\" data-element_type=\"widget\" data-widget_type=\"wp-widget-bcn_widget.default\">\n\t\t\t\t<div class=\"elementor-widget-container\">\n\t\t\t<div class=\"breadcrumbs\" vocab=\"https:\/\/schema.org\/\" typeof=\"BreadcrumbList\"><span property=\"itemListElement\" typeof=\"ListItem\"><a property=\"item\" typeof=\"WebPage\" title=\"V\u00e9s a Finques Llaurado.\" href=\"https:\/\/fllaurado.com\/ca\/\" class=\"home\" aria-current=\"page\"><span property=\"name\">Finques Llaurado<\/span><\/a><meta property=\"position\" content=\"1\"><\/span><\/div>\t\t<\/div>\n\t\t\t\t<\/div>\n\t\t\t\t\t<\/div>\n\t\t\t\t<\/div>\n\t\t<div class=\"elementor-element elementor-element-4e9801f2 e-flex e-con-boxed e-con e-parent\" data-id=\"4e9801f2\" data-element_type=\"container\">\n\t\t\t\t\t<div class=\"e-con-inner\">\n\t\t\t\t<div class=\"elementor-element elementor-element-1875e2c elementor-widget elementor-widget-text-editor\" data-id=\"1875e2c\" data-element_type=\"widget\" data-widget_type=\"text-editor.default\">\n\t\t\t\t<div class=\"elementor-widget-container\">\n\t\t\t\t\t\t\t<p><img fetchpriority=\"high\" decoding=\"async\" class=\"alignleft wp-image-10470\" src=\"http:\/\/fllaurado.com\/wp-content\/uploads\/2024\/04\/Alquileres-1-1024x638.jpg\" alt=\"\" width=\"500\" height=\"311\" \/><\/p><p>En la nostra qualitat d&#8217;administradors de finques, i gr\u00e0cies a la nostra \u00e0mplia experi\u00e8ncia al sector, gestionem efica\u00e7ment el lloguer de les seves propietats.<\/p><p>Els nostres professionals us assessoraran de manera personalitzada en mat\u00e8ria fiscal, jur\u00eddica i financera perqu\u00e8 tot el proc\u00e9s del lloguer es realitzi amb total transpar\u00e8ncia i seguretat, tant per a la part arrendadora com per a l&#8217;arrendat\u00e0ria. Volem que els nostres clients quedin satisfets, tamb\u00e9 a llarg termini.<\/p><p><strong>Valoraci\u00f3 del vostre immoble<\/strong><br \/>Fem una taxaci\u00f3 objectiva i professional d&#8217;acord amb estudis de mercat actualitzats i reals.<\/p><hr \/><p><strong>\u00a0<br \/><\/strong><strong>Estudi de la documentaci\u00f3<\/strong><br \/>Els nostres professionals faran un estudi de la situaci\u00f3 de la finca a nivell jur\u00eddic, fiscal i urban\u00edstic.<\/p><p><strong>Comercialitzaci\u00f3 del vostre immoble<\/strong><br \/>Duem a terme un pla de publicitat i comunicaci\u00f3 del seu immoble, analitzant els mitjans m\u00e9s adequats a la tipologia i les caracter\u00edstiques del seu immoble<\/p>\t\t\t\t\t\t<\/div>\n\t\t\t\t<\/div>\n\t\t\t\t<div class=\"elementor-element elementor-element-10e298e elementor-widget elementor-widget-text-editor\" data-id=\"10e298e\" data-element_type=\"widget\" data-widget_type=\"text-editor.default\">\n\t\t\t\t<div class=\"elementor-widget-container\">\n\t\t\t\t\t\t\t<p><strong>PERQU\u00c8 ELS NOSTRES CLIENTS ENS RECOMANEN<br \/><\/strong><\/p><p>1.- Una valoraci\u00f3 real i professional basada en l\u00b4experi\u00e8ncia del nostre qualificat equip.<br \/>2.- El prestigi d&#8217;un nom com el de FINQUES LLAURADO amb m\u00e9s de 40 anys d&#8217;experi\u00e8ncia al sector.<br \/>3.- \u00c0mplia base de dades de persones interessades a llogar un immoble a la zona.<br \/>4.- Una estrat\u00e8gia publicit\u00e0ria detallada per a cada producte.<br \/>5.- El millor assessorament fiscal, jur\u00eddic i financer.<\/p>\t\t\t\t\t\t<\/div>\n\t\t\t\t<\/div>\n\t\t\t\t\t<\/div>\n\t\t\t\t<\/div>\n\t\t\t\t<\/div>\n\t\t","protected":false},"excerpt":{"rendered":"<p>En la nostra qualitat d&#8217;administradors de finques, i gr\u00e0cies a la nostra \u00e0mplia experi\u00e8ncia al sector, gestionem efica\u00e7ment el lloguer de les seves propietats. Els nostres professionals us assessoraran de manera personalitzada en mat\u00e8ria fiscal, jur\u00eddica i financera perqu\u00e8 tot el proc\u00e9s del lloguer es realitzi amb total transpar\u00e8ncia i seguretat, tant per a la [&hellip;]<\/p>\n","protected":false},"author":1,"featured_media":0,"parent":0,"menu_order":0,"comment_status":"closed","ping_status":"open","template":"","meta":{"footnotes":""},"class_list":["post-13203","page","type-page","status-publish","hentry"],"yoast_head":"<!-- This site is optimized with the Yoast SEO plugin v27.0 - https:\/\/yoast.com\/product\/yoast-seo-wordpress\/ -->\n<title>Lloguers - Finques Llaurado<\/title>\n<meta name=\"robots\" content=\"index, follow, max-snippet:-1, max-image-preview:large, max-video-preview:-1\" \/>\n<link rel=\"canonical\" href=\"https:\/\/fllaurado.com\/ca\/lloguers\/\" \/>\n<meta property=\"og:locale\" content=\"ca_ES\" \/>\n<meta property=\"og:type\" content=\"article\" \/>\n<meta property=\"og:title\" content=\"Lloguers - Finques Llaurado\" \/>\n<meta property=\"og:description\" content=\"En la nostra qualitat d&#8217;administradors de finques, i gr\u00e0cies a la nostra \u00e0mplia experi\u00e8ncia al sector, gestionem efica\u00e7ment el lloguer de les seves propietats. Els nostres professionals us assessoraran de manera personalitzada en mat\u00e8ria fiscal, jur\u00eddica i financera perqu\u00e8 tot el proc\u00e9s del lloguer es realitzi amb total transpar\u00e8ncia i seguretat, tant per a la [&hellip;]\" \/>\n<meta property=\"og:url\" content=\"https:\/\/fllaurado.com\/ca\/lloguers\/\" \/>\n<meta property=\"og:site_name\" content=\"Finques Llaurado\" \/>\n<meta property=\"article:modified_time\" content=\"2024-07-25T11:34:30+00:00\" \/>\n<meta property=\"og:image\" content=\"http:\/\/fllaurado.com\/wp-content\/uploads\/2024\/04\/Alquileres-1-1024x638.jpg\" \/>\n<meta name=\"twitter:card\" content=\"summary_large_image\" \/>\n<meta name=\"twitter:label1\" content=\"Temps estimat de lectura\" \/>\n\t<meta name=\"twitter:data1\" content=\"1 minut\" \/>\n<script type=\"application\/ld+json\" class=\"yoast-schema-graph\">{\"@context\":\"https:\/\/schema.org\",\"@graph\":[{\"@type\":\"WebPage\",\"@id\":\"https:\/\/fllaurado.com\/ca\/lloguers\/\",\"url\":\"https:\/\/fllaurado.com\/ca\/lloguers\/\",\"name\":\"Lloguers - Finques Llaurado\",\"isPartOf\":{\"@id\":\"https:\/\/fllaurado.com\/#website\"},\"primaryImageOfPage\":{\"@id\":\"https:\/\/fllaurado.com\/ca\/lloguers\/#primaryimage\"},\"image\":{\"@id\":\"https:\/\/fllaurado.com\/ca\/lloguers\/#primaryimage\"},\"thumbnailUrl\":\"http:\/\/fllaurado.com\/wp-content\/uploads\/2024\/04\/Alquileres-1-1024x638.jpg\",\"datePublished\":\"2024-04-11T14:43:40+00:00\",\"dateModified\":\"2024-07-25T11:34:30+00:00\",\"breadcrumb\":{\"@id\":\"https:\/\/fllaurado.com\/ca\/lloguers\/#breadcrumb\"},\"inLanguage\":\"ca\",\"potentialAction\":[{\"@type\":\"ReadAction\",\"target\":[\"https:\/\/fllaurado.com\/ca\/lloguers\/\"]}]},{\"@type\":\"ImageObject\",\"inLanguage\":\"ca\",\"@id\":\"https:\/\/fllaurado.com\/ca\/lloguers\/#primaryimage\",\"url\":\"http:\/\/fllaurado.com\/wp-content\/uploads\/2024\/04\/Alquileres-1-1024x638.jpg\",\"contentUrl\":\"http:\/\/fllaurado.com\/wp-content\/uploads\/2024\/04\/Alquileres-1-1024x638.jpg\"},{\"@type\":\"BreadcrumbList\",\"@id\":\"https:\/\/fllaurado.com\/ca\/lloguers\/#breadcrumb\",\"itemListElement\":[{\"@type\":\"ListItem\",\"position\":1,\"name\":\"Portada\",\"item\":\"https:\/\/fllaurado.com\/\"},{\"@type\":\"ListItem\",\"position\":2,\"name\":\"Lloguers\"}]},{\"@type\":\"WebSite\",\"@id\":\"https:\/\/fllaurado.com\/#website\",\"url\":\"https:\/\/fllaurado.com\/\",\"name\":\"Finques Llaurado\",\"description\":\"EXPERIENCIA Y PROFESIONALIDAD\",\"publisher\":{\"@id\":\"https:\/\/fllaurado.com\/#organization\"},\"potentialAction\":[{\"@type\":\"SearchAction\",\"target\":{\"@type\":\"EntryPoint\",\"urlTemplate\":\"https:\/\/fllaurado.com\/?s={search_term_string}\"},\"query-input\":{\"@type\":\"PropertyValueSpecification\",\"valueRequired\":true,\"valueName\":\"search_term_string\"}}],\"inLanguage\":\"ca\"},{\"@type\":\"Organization\",\"@id\":\"https:\/\/fllaurado.com\/#organization\",\"name\":\"Finques Llaurado\",\"url\":\"https:\/\/fllaurado.com\/\",\"logo\":{\"@type\":\"ImageObject\",\"inLanguage\":\"ca\",\"@id\":\"https:\/\/fllaurado.com\/#\/schema\/logo\/image\/\",\"url\":\"https:\/\/fllaurado.com\/wp-content\/uploads\/2024\/06\/cropped-logonou.png\",\"contentUrl\":\"https:\/\/fllaurado.com\/wp-content\/uploads\/2024\/06\/cropped-logonou.png\",\"width\":345,\"height\":265,\"caption\":\"Finques Llaurado\"},\"image\":{\"@id\":\"https:\/\/fllaurado.com\/#\/schema\/logo\/image\/\"},\"sameAs\":[\"https:\/\/www.instagram.com\/finquesllaurado\/\"]}]}<\/script>\n<!-- \/ Yoast SEO plugin. -->","yoast_head_json":{"title":"Lloguers - Finques Llaurado","robots":{"index":"index","follow":"follow","max-snippet":"max-snippet:-1","max-image-preview":"max-image-preview:large","max-video-preview":"max-video-preview:-1"},"canonical":"https:\/\/fllaurado.com\/ca\/lloguers\/","og_locale":"ca_ES","og_type":"article","og_title":"Lloguers - Finques Llaurado","og_description":"En la nostra qualitat d&#8217;administradors de finques, i gr\u00e0cies a la nostra \u00e0mplia experi\u00e8ncia al sector, gestionem efica\u00e7ment el lloguer de les seves propietats. Els nostres professionals us assessoraran de manera personalitzada en mat\u00e8ria fiscal, jur\u00eddica i financera perqu\u00e8 tot el proc\u00e9s del lloguer es realitzi amb total transpar\u00e8ncia i seguretat, tant per a la [&hellip;]","og_url":"https:\/\/fllaurado.com\/ca\/lloguers\/","og_site_name":"Finques Llaurado","article_modified_time":"2024-07-25T11:34:30+00:00","og_image":[{"url":"http:\/\/fllaurado.com\/wp-content\/uploads\/2024\/04\/Alquileres-1-1024x638.jpg","type":"","width":"","height":""}],"twitter_card":"summary_large_image","twitter_misc":{"Temps estimat de lectura":"1 minut"},"schema":{"@context":"https:\/\/schema.org","@graph":[{"@type":"WebPage","@id":"https:\/\/fllaurado.com\/ca\/lloguers\/","url":"https:\/\/fllaurado.com\/ca\/lloguers\/","name":"Lloguers - Finques Llaurado","isPartOf":{"@id":"https:\/\/fllaurado.com\/#website"},"primaryImageOfPage":{"@id":"https:\/\/fllaurado.com\/ca\/lloguers\/#primaryimage"},"image":{"@id":"https:\/\/fllaurado.com\/ca\/lloguers\/#primaryimage"},"thumbnailUrl":"http:\/\/fllaurado.com\/wp-content\/uploads\/2024\/04\/Alquileres-1-1024x638.jpg","datePublished":"2024-04-11T14:43:40+00:00","dateModified":"2024-07-25T11:34:30+00:00","breadcrumb":{"@id":"https:\/\/fllaurado.com\/ca\/lloguers\/#breadcrumb"},"inLanguage":"ca","potentialAction":[{"@type":"ReadAction","target":["https:\/\/fllaurado.com\/ca\/lloguers\/"]}]},{"@type":"ImageObject","inLanguage":"ca","@id":"https:\/\/fllaurado.com\/ca\/lloguers\/#primaryimage","url":"http:\/\/fllaurado.com\/wp-content\/uploads\/2024\/04\/Alquileres-1-1024x638.jpg","contentUrl":"http:\/\/fllaurado.com\/wp-content\/uploads\/2024\/04\/Alquileres-1-1024x638.jpg"},{"@type":"BreadcrumbList","@id":"https:\/\/fllaurado.com\/ca\/lloguers\/#breadcrumb","itemListElement":[{"@type":"ListItem","position":1,"name":"Portada","item":"https:\/\/fllaurado.com\/"},{"@type":"ListItem","position":2,"name":"Lloguers"}]},{"@type":"WebSite","@id":"https:\/\/fllaurado.com\/#website","url":"https:\/\/fllaurado.com\/","name":"Finques Llaurado","description":"EXPERIENCIA Y PROFESIONALIDAD","publisher":{"@id":"https:\/\/fllaurado.com\/#organization"},"potentialAction":[{"@type":"SearchAction","target":{"@type":"EntryPoint","urlTemplate":"https:\/\/fllaurado.com\/?s={search_term_string}"},"query-input":{"@type":"PropertyValueSpecification","valueRequired":true,"valueName":"search_term_string"}}],"inLanguage":"ca"},{"@type":"Organization","@id":"https:\/\/fllaurado.com\/#organization","name":"Finques Llaurado","url":"https:\/\/fllaurado.com\/","logo":{"@type":"ImageObject","inLanguage":"ca","@id":"https:\/\/fllaurado.com\/#\/schema\/logo\/image\/","url":"https:\/\/fllaurado.com\/wp-content\/uploads\/2024\/06\/cropped-logonou.png","contentUrl":"https:\/\/fllaurado.com\/wp-content\/uploads\/2024\/06\/cropped-logonou.png","width":345,"height":265,"caption":"Finques Llaurado"},"image":{"@id":"https:\/\/fllaurado.com\/#\/schema\/logo\/image\/"},"sameAs":["https:\/\/www.instagram.com\/finquesllaurado\/"]}]}},"_links":{"self":[{"href":"https:\/\/fllaurado.com\/ca\/wp-json\/wp\/v2\/pages\/13203","targetHints":{"allow":["GET"]}}],"collection":[{"href":"https:\/\/fllaurado.com\/ca\/wp-json\/wp\/v2\/pages"}],"about":[{"href":"https:\/\/fllaurado.com\/ca\/wp-json\/wp\/v2\/types\/page"}],"author":[{"embeddable":true,"href":"https:\/\/fllaurado.com\/ca\/wp-json\/wp\/v2\/users\/1"}],"replies":[{"embeddable":true,"href":"https:\/\/fllaurado.com\/ca\/wp-json\/wp\/v2\/comments?post=13203"}],"version-history":[{"count":16,"href":"https:\/\/fllaurado.com\/ca\/wp-json\/wp\/v2\/pages\/13203\/revisions"}],"predecessor-version":[{"id":13296,"href":"https:\/\/fllaurado.com\/ca\/wp-json\/wp\/v2\/pages\/13203\/revisions\/13296"}],"wp:attachment":[{"href":"https:\/\/fllaurado.com\/ca\/wp-json\/wp\/v2\/media?parent=13203"}],"curies":[{"name":"wp","href":"https:\/\/api.w.org\/{rel}","templated":true}]}}