{"id":13218,"date":"2024-04-09T16:32:24","date_gmt":"2024-04-09T14:32:24","guid":{"rendered":"https:\/\/fllaurado.com\/?page_id=13218"},"modified":"2024-07-25T13:28:11","modified_gmt":"2024-07-25T11:28:11","slug":"gestio-de-patrimonis","status":"publish","type":"page","link":"https:\/\/fllaurado.com\/ca\/gestio-de-patrimonis\/","title":{"rendered":"Gesti\u00f3 de patrimonis"},"content":{"rendered":"\t\t<div data-elementor-type=\"wp-page\" data-elementor-id=\"13218\" class=\"elementor elementor-13218 elementor-2\">\n\t\t\t\t<div class=\"elementor-element elementor-element-de58278 e-flex e-con-boxed e-con e-parent\" data-id=\"de58278\" data-element_type=\"container\">\n\t\t\t\t\t<div class=\"e-con-inner\">\n\t\t\t\t<div class=\"elementor-element elementor-element-a0dbd4b elementor-widget elementor-widget-wp-widget-bcn_widget\" data-id=\"a0dbd4b\" data-element_type=\"widget\" data-widget_type=\"wp-widget-bcn_widget.default\">\n\t\t\t\t<div class=\"elementor-widget-container\">\n\t\t\t<div class=\"breadcrumbs\" vocab=\"https:\/\/schema.org\/\" typeof=\"BreadcrumbList\"><span property=\"itemListElement\" typeof=\"ListItem\"><a property=\"item\" typeof=\"WebPage\" title=\"V\u00e9s a Finques Llaurado.\" href=\"https:\/\/fllaurado.com\/ca\/\" class=\"home\" aria-current=\"page\"><span property=\"name\">Finques Llaurado<\/span><\/a><meta property=\"position\" content=\"1\"><\/span><\/div>\t\t<\/div>\n\t\t\t\t<\/div>\n\t\t\t\t\t<\/div>\n\t\t\t\t<\/div>\n\t\t<div class=\"elementor-element elementor-element-3c917fb5 e-flex e-con-boxed e-con e-parent\" data-id=\"3c917fb5\" data-element_type=\"container\">\n\t\t\t\t\t<div class=\"e-con-inner\">\n\t\t\t\t<div class=\"elementor-element elementor-element-13bacebd elementor-widget elementor-widget-text-editor\" data-id=\"13bacebd\" data-element_type=\"widget\" data-widget_type=\"text-editor.default\">\n\t\t\t\t<div class=\"elementor-widget-container\">\n\t\t\t\t\t\t\t<p><img fetchpriority=\"high\" decoding=\"async\" class=\"alignleft wp-image-10457\" src=\"http:\/\/fllaurado.com\/wp-content\/uploads\/2024\/04\/Gestion-de-Patrimonios-buena-1-240x300.jpg\" alt=\"\" width=\"500\" height=\"625\" \/>Administrar y gestionar patrimonios requiere tiempo, dedicaci\u00f3n y conocimiento. Gracias a los m\u00e1s de 40 a\u00f1os de experiencia como Administradores de Fincas, somos expertos en la gesti\u00f3n de patrimonios inmobiliarios.<\/p><p>Administrar i gestionar patrimonis requereix temps, dedicaci\u00f3 i coneixement. Gr\u00e0cies als m\u00e9s de 40 anys d&#8217;experi\u00e8ncia com a administradors de finques, som experts en la gesti\u00f3 de patrimonis immobiliaris.<\/p><p>El nostre objectiu \u00e9s la tranquil\u00b7litat dels nostres clients a l&#8217;hora de llogar els seus immobles i obtenir la m\u00e0xima rendibilitat del patrimoni.<\/p><p>Disposem d&#8217;una \u00e0mplia cartera de demandants, fruit de la nostra pres\u00e8ncia a revistes especialitzades i Internet, aconseguint que el vostre producte tingui una \u00e0mplia difusi\u00f3. Ens ocupem de fer una an\u00e0lisi exhaustiva i selecci\u00f3 de l&#8217;inquil\u00ed mitjan\u00e7ant informes previs per verificar la solv\u00e8ncia del futur arrendatari.<\/p><p>Per a m\u00e9s tranquil\u00b7litat, <strong>GARANTIM EL COBRAMENT DE LA RENDA DEL LLOGUER<\/strong>, mitjan\u00e7ant una p\u00f2lissa d&#8217;asseguran\u00e7a.<\/p><p>Ens preocupem de fer un manteniment i gesti\u00f3 de la seva propietat: obres de manteniment i reparaci\u00f3 de la finca, cobrament de rebuts i actualitzacions, renovaci\u00f3 dels contractes d&#8217;arrendament, assessorament jur\u00eddic i fiscal sobre la nova legislaci\u00f3, estudi de les inversions i actuacions a realitzar amb l&#8217;objectiu final de rendibilitzar-ne el patrimoni i augmentar-ne el valor.<\/p>\t\t\t\t\t\t<\/div>\n\t\t\t\t<\/div>\n\t\t\t\t<div class=\"elementor-element elementor-element-3512bc3 elementor-widget elementor-widget-text-editor\" data-id=\"3512bc3\" data-element_type=\"widget\" data-widget_type=\"text-editor.default\">\n\t\t\t\t<div class=\"elementor-widget-container\">\n\t\t\t\t\t\t\t<hr \/><p><br \/>Gestionem qualsevol tipus de propietat immobili\u00e0ria: pisos, cases, locals, oficines, naus industrials, p\u00e0rquings, etc.<br \/>Els principals serveis que us oferim a FINQUES LLAURADO a l&#8217;administraci\u00f3 del lloguer s\u00f3n els seg\u00fcents:<\/p><ol><li>Estudi de preus de lloguer<\/li><li>Cerca d&#8217;arrendataris, estudi de solv\u00e8ncia i contractaci\u00f3<\/li><li>Redacci\u00f3 de contractes d&#8217;arrendament<\/li><li>Cobraments i pagaments de rebuts<\/li><li>Impostos i Repercussions<\/li><li>Actualitzaci\u00f3 i revisi\u00f3 de rendes<\/li><li>Control de morositat<\/li><li>Liquidacions i estat de comptes mensuals al propietari<\/li><li>Liquidacions d&#8217;IVA<\/li><li>C\u00e8dules d&#8217;habitabilitat i Certificats Efici\u00e8ncia Energ\u00e8tica<\/li><li>Gesti\u00f3 de fiances i pagament de tributs<\/li><li>Seguiment i manteniment de reparacions i reformes integrals a l\u00b4inmoble<\/li><li>An\u00e0lisi sobre la rendibilitat de la finca<\/li><li>Assessorament jur\u00eddic i fiscal<\/li><li>Assegurances<\/li><\/ol>\t\t\t\t\t\t<\/div>\n\t\t\t\t<\/div>\n\t\t\t\t\t<\/div>\n\t\t\t\t<\/div>\n\t\t\t\t<\/div>\n\t\t","protected":false},"excerpt":{"rendered":"<p>Administrar y gestionar patrimonios requiere tiempo, dedicaci\u00f3n y conocimiento. Gracias a los m\u00e1s de 40 a\u00f1os de experiencia como Administradores de Fincas, somos expertos en la gesti\u00f3n de patrimonios inmobiliarios. Administrar i gestionar patrimonis requereix temps, dedicaci\u00f3 i coneixement. Gr\u00e0cies als m\u00e9s de 40 anys d&#8217;experi\u00e8ncia com a administradors de finques, som experts en la [&hellip;]<\/p>\n","protected":false},"author":1,"featured_media":0,"parent":0,"menu_order":0,"comment_status":"closed","ping_status":"open","template":"","meta":{"footnotes":""},"class_list":["post-13218","page","type-page","status-publish","hentry"],"yoast_head":"<!-- This site is optimized with the Yoast SEO plugin v27.0 - https:\/\/yoast.com\/product\/yoast-seo-wordpress\/ -->\n<title>Gesti\u00f3 de patrimonis - Finques Llaurado<\/title>\n<meta name=\"robots\" content=\"index, follow, max-snippet:-1, max-image-preview:large, max-video-preview:-1\" \/>\n<link rel=\"canonical\" href=\"https:\/\/fllaurado.com\/ca\/gestio-de-patrimonis\/\" \/>\n<meta property=\"og:locale\" content=\"ca_ES\" \/>\n<meta property=\"og:type\" content=\"article\" \/>\n<meta property=\"og:title\" content=\"Gesti\u00f3 de patrimonis - Finques Llaurado\" \/>\n<meta property=\"og:description\" content=\"Administrar y gestionar patrimonios requiere tiempo, dedicaci\u00f3n y conocimiento. Gracias a los m\u00e1s de 40 a\u00f1os de experiencia como Administradores de Fincas, somos expertos en la gesti\u00f3n de patrimonios inmobiliarios. Administrar i gestionar patrimonis requereix temps, dedicaci\u00f3 i coneixement. Gr\u00e0cies als m\u00e9s de 40 anys d&#8217;experi\u00e8ncia com a administradors de finques, som experts en la [&hellip;]\" \/>\n<meta property=\"og:url\" content=\"https:\/\/fllaurado.com\/ca\/gestio-de-patrimonis\/\" \/>\n<meta property=\"og:site_name\" content=\"Finques Llaurado\" \/>\n<meta property=\"article:modified_time\" content=\"2024-07-25T11:28:11+00:00\" \/>\n<meta property=\"og:image\" content=\"http:\/\/fllaurado.com\/wp-content\/uploads\/2024\/04\/Gestion-de-Patrimonios-buena-1-240x300.jpg\" \/>\n<meta name=\"twitter:card\" content=\"summary_large_image\" \/>\n<meta name=\"twitter:label1\" content=\"Temps estimat de lectura\" \/>\n\t<meta name=\"twitter:data1\" content=\"2 minuts\" \/>\n<script type=\"application\/ld+json\" class=\"yoast-schema-graph\">{\"@context\":\"https:\/\/schema.org\",\"@graph\":[{\"@type\":\"WebPage\",\"@id\":\"https:\/\/fllaurado.com\/ca\/gestio-de-patrimonis\/\",\"url\":\"https:\/\/fllaurado.com\/ca\/gestio-de-patrimonis\/\",\"name\":\"Gesti\u00f3 de patrimonis - Finques Llaurado\",\"isPartOf\":{\"@id\":\"https:\/\/fllaurado.com\/#website\"},\"primaryImageOfPage\":{\"@id\":\"https:\/\/fllaurado.com\/ca\/gestio-de-patrimonis\/#primaryimage\"},\"image\":{\"@id\":\"https:\/\/fllaurado.com\/ca\/gestio-de-patrimonis\/#primaryimage\"},\"thumbnailUrl\":\"http:\/\/fllaurado.com\/wp-content\/uploads\/2024\/04\/Gestion-de-Patrimonios-buena-1-240x300.jpg\",\"datePublished\":\"2024-04-09T14:32:24+00:00\",\"dateModified\":\"2024-07-25T11:28:11+00:00\",\"breadcrumb\":{\"@id\":\"https:\/\/fllaurado.com\/ca\/gestio-de-patrimonis\/#breadcrumb\"},\"inLanguage\":\"ca\",\"potentialAction\":[{\"@type\":\"ReadAction\",\"target\":[\"https:\/\/fllaurado.com\/ca\/gestio-de-patrimonis\/\"]}]},{\"@type\":\"ImageObject\",\"inLanguage\":\"ca\",\"@id\":\"https:\/\/fllaurado.com\/ca\/gestio-de-patrimonis\/#primaryimage\",\"url\":\"http:\/\/fllaurado.com\/wp-content\/uploads\/2024\/04\/Gestion-de-Patrimonios-buena-1-240x300.jpg\",\"contentUrl\":\"http:\/\/fllaurado.com\/wp-content\/uploads\/2024\/04\/Gestion-de-Patrimonios-buena-1-240x300.jpg\"},{\"@type\":\"BreadcrumbList\",\"@id\":\"https:\/\/fllaurado.com\/ca\/gestio-de-patrimonis\/#breadcrumb\",\"itemListElement\":[{\"@type\":\"ListItem\",\"position\":1,\"name\":\"Portada\",\"item\":\"https:\/\/fllaurado.com\/\"},{\"@type\":\"ListItem\",\"position\":2,\"name\":\"Gesti\u00f3 de patrimonis\"}]},{\"@type\":\"WebSite\",\"@id\":\"https:\/\/fllaurado.com\/#website\",\"url\":\"https:\/\/fllaurado.com\/\",\"name\":\"Finques Llaurado\",\"description\":\"EXPERIENCIA Y PROFESIONALIDAD\",\"publisher\":{\"@id\":\"https:\/\/fllaurado.com\/#organization\"},\"potentialAction\":[{\"@type\":\"SearchAction\",\"target\":{\"@type\":\"EntryPoint\",\"urlTemplate\":\"https:\/\/fllaurado.com\/?s={search_term_string}\"},\"query-input\":{\"@type\":\"PropertyValueSpecification\",\"valueRequired\":true,\"valueName\":\"search_term_string\"}}],\"inLanguage\":\"ca\"},{\"@type\":\"Organization\",\"@id\":\"https:\/\/fllaurado.com\/#organization\",\"name\":\"Finques Llaurado\",\"url\":\"https:\/\/fllaurado.com\/\",\"logo\":{\"@type\":\"ImageObject\",\"inLanguage\":\"ca\",\"@id\":\"https:\/\/fllaurado.com\/#\/schema\/logo\/image\/\",\"url\":\"https:\/\/fllaurado.com\/wp-content\/uploads\/2024\/06\/cropped-logonou.png\",\"contentUrl\":\"https:\/\/fllaurado.com\/wp-content\/uploads\/2024\/06\/cropped-logonou.png\",\"width\":345,\"height\":265,\"caption\":\"Finques Llaurado\"},\"image\":{\"@id\":\"https:\/\/fllaurado.com\/#\/schema\/logo\/image\/\"},\"sameAs\":[\"https:\/\/www.instagram.com\/finquesllaurado\/\"]}]}<\/script>\n<!-- \/ Yoast SEO plugin. -->","yoast_head_json":{"title":"Gesti\u00f3 de patrimonis - Finques Llaurado","robots":{"index":"index","follow":"follow","max-snippet":"max-snippet:-1","max-image-preview":"max-image-preview:large","max-video-preview":"max-video-preview:-1"},"canonical":"https:\/\/fllaurado.com\/ca\/gestio-de-patrimonis\/","og_locale":"ca_ES","og_type":"article","og_title":"Gesti\u00f3 de patrimonis - Finques Llaurado","og_description":"Administrar y gestionar patrimonios requiere tiempo, dedicaci\u00f3n y conocimiento. Gracias a los m\u00e1s de 40 a\u00f1os de experiencia como Administradores de Fincas, somos expertos en la gesti\u00f3n de patrimonios inmobiliarios. Administrar i gestionar patrimonis requereix temps, dedicaci\u00f3 i coneixement. Gr\u00e0cies als m\u00e9s de 40 anys d&#8217;experi\u00e8ncia com a administradors de finques, som experts en la [&hellip;]","og_url":"https:\/\/fllaurado.com\/ca\/gestio-de-patrimonis\/","og_site_name":"Finques Llaurado","article_modified_time":"2024-07-25T11:28:11+00:00","og_image":[{"url":"http:\/\/fllaurado.com\/wp-content\/uploads\/2024\/04\/Gestion-de-Patrimonios-buena-1-240x300.jpg","type":"","width":"","height":""}],"twitter_card":"summary_large_image","twitter_misc":{"Temps estimat de lectura":"2 minuts"},"schema":{"@context":"https:\/\/schema.org","@graph":[{"@type":"WebPage","@id":"https:\/\/fllaurado.com\/ca\/gestio-de-patrimonis\/","url":"https:\/\/fllaurado.com\/ca\/gestio-de-patrimonis\/","name":"Gesti\u00f3 de patrimonis - Finques Llaurado","isPartOf":{"@id":"https:\/\/fllaurado.com\/#website"},"primaryImageOfPage":{"@id":"https:\/\/fllaurado.com\/ca\/gestio-de-patrimonis\/#primaryimage"},"image":{"@id":"https:\/\/fllaurado.com\/ca\/gestio-de-patrimonis\/#primaryimage"},"thumbnailUrl":"http:\/\/fllaurado.com\/wp-content\/uploads\/2024\/04\/Gestion-de-Patrimonios-buena-1-240x300.jpg","datePublished":"2024-04-09T14:32:24+00:00","dateModified":"2024-07-25T11:28:11+00:00","breadcrumb":{"@id":"https:\/\/fllaurado.com\/ca\/gestio-de-patrimonis\/#breadcrumb"},"inLanguage":"ca","potentialAction":[{"@type":"ReadAction","target":["https:\/\/fllaurado.com\/ca\/gestio-de-patrimonis\/"]}]},{"@type":"ImageObject","inLanguage":"ca","@id":"https:\/\/fllaurado.com\/ca\/gestio-de-patrimonis\/#primaryimage","url":"http:\/\/fllaurado.com\/wp-content\/uploads\/2024\/04\/Gestion-de-Patrimonios-buena-1-240x300.jpg","contentUrl":"http:\/\/fllaurado.com\/wp-content\/uploads\/2024\/04\/Gestion-de-Patrimonios-buena-1-240x300.jpg"},{"@type":"BreadcrumbList","@id":"https:\/\/fllaurado.com\/ca\/gestio-de-patrimonis\/#breadcrumb","itemListElement":[{"@type":"ListItem","position":1,"name":"Portada","item":"https:\/\/fllaurado.com\/"},{"@type":"ListItem","position":2,"name":"Gesti\u00f3 de patrimonis"}]},{"@type":"WebSite","@id":"https:\/\/fllaurado.com\/#website","url":"https:\/\/fllaurado.com\/","name":"Finques Llaurado","description":"EXPERIENCIA Y PROFESIONALIDAD","publisher":{"@id":"https:\/\/fllaurado.com\/#organization"},"potentialAction":[{"@type":"SearchAction","target":{"@type":"EntryPoint","urlTemplate":"https:\/\/fllaurado.com\/?s={search_term_string}"},"query-input":{"@type":"PropertyValueSpecification","valueRequired":true,"valueName":"search_term_string"}}],"inLanguage":"ca"},{"@type":"Organization","@id":"https:\/\/fllaurado.com\/#organization","name":"Finques Llaurado","url":"https:\/\/fllaurado.com\/","logo":{"@type":"ImageObject","inLanguage":"ca","@id":"https:\/\/fllaurado.com\/#\/schema\/logo\/image\/","url":"https:\/\/fllaurado.com\/wp-content\/uploads\/2024\/06\/cropped-logonou.png","contentUrl":"https:\/\/fllaurado.com\/wp-content\/uploads\/2024\/06\/cropped-logonou.png","width":345,"height":265,"caption":"Finques Llaurado"},"image":{"@id":"https:\/\/fllaurado.com\/#\/schema\/logo\/image\/"},"sameAs":["https:\/\/www.instagram.com\/finquesllaurado\/"]}]}},"_links":{"self":[{"href":"https:\/\/fllaurado.com\/ca\/wp-json\/wp\/v2\/pages\/13218","targetHints":{"allow":["GET"]}}],"collection":[{"href":"https:\/\/fllaurado.com\/ca\/wp-json\/wp\/v2\/pages"}],"about":[{"href":"https:\/\/fllaurado.com\/ca\/wp-json\/wp\/v2\/types\/page"}],"author":[{"embeddable":true,"href":"https:\/\/fllaurado.com\/ca\/wp-json\/wp\/v2\/users\/1"}],"replies":[{"embeddable":true,"href":"https:\/\/fllaurado.com\/ca\/wp-json\/wp\/v2\/comments?post=13218"}],"version-history":[{"count":7,"href":"https:\/\/fllaurado.com\/ca\/wp-json\/wp\/v2\/pages\/13218\/revisions"}],"predecessor-version":[{"id":13281,"href":"https:\/\/fllaurado.com\/ca\/wp-json\/wp\/v2\/pages\/13218\/revisions\/13281"}],"wp:attachment":[{"href":"https:\/\/fllaurado.com\/ca\/wp-json\/wp\/v2\/media?parent=13218"}],"curies":[{"name":"wp","href":"https:\/\/api.w.org\/{rel}","templated":true}]}}