{"id":13226,"date":"2024-04-12T12:25:07","date_gmt":"2024-04-12T10:25:07","guid":{"rendered":"https:\/\/fllaurado.com\/?page_id=13226"},"modified":"2024-07-25T13:39:40","modified_gmt":"2024-07-25T11:39:40","slug":"serveis-juridics","status":"publish","type":"page","link":"https:\/\/fllaurado.com\/ca\/serveis-juridics\/","title":{"rendered":"Serveis juridics"},"content":{"rendered":"\t\t<div data-elementor-type=\"wp-page\" data-elementor-id=\"13226\" class=\"elementor elementor-13226 elementor-10505\">\n\t\t\t\t<div class=\"elementor-element elementor-element-6b528e0 e-flex e-con-boxed e-con e-parent\" data-id=\"6b528e0\" data-element_type=\"container\">\n\t\t\t\t\t<div class=\"e-con-inner\">\n\t\t\t\t<div class=\"elementor-element elementor-element-98b60ec elementor-widget elementor-widget-wp-widget-bcn_widget\" data-id=\"98b60ec\" data-element_type=\"widget\" data-widget_type=\"wp-widget-bcn_widget.default\">\n\t\t\t\t<div class=\"elementor-widget-container\">\n\t\t\t<div class=\"breadcrumbs\" vocab=\"https:\/\/schema.org\/\" typeof=\"BreadcrumbList\"><span property=\"itemListElement\" typeof=\"ListItem\"><a property=\"item\" typeof=\"WebPage\" title=\"V\u00e9s a Finques Llaurado.\" href=\"https:\/\/fllaurado.com\/ca\/\" class=\"home\" aria-current=\"page\"><span property=\"name\">Finques Llaurado<\/span><\/a><meta property=\"position\" content=\"1\"><\/span><\/div>\t\t<\/div>\n\t\t\t\t<\/div>\n\t\t\t\t\t<\/div>\n\t\t\t\t<\/div>\n\t\t<div class=\"elementor-element elementor-element-5ac73c01 e-flex e-con-boxed e-con e-parent\" data-id=\"5ac73c01\" data-element_type=\"container\">\n\t\t\t\t\t<div class=\"e-con-inner\">\n\t\t\t\t<div class=\"elementor-element elementor-element-7258eba1 elementor-widget elementor-widget-text-editor\" data-id=\"7258eba1\" data-element_type=\"widget\" data-widget_type=\"text-editor.default\">\n\t\t\t\t<div class=\"elementor-widget-container\">\n\t\t\t\t\t\t\t<p><img fetchpriority=\"high\" decoding=\"async\" class=\"alignleft wp-image-10506\" src=\"http:\/\/fllaurado.com\/wp-content\/uploads\/2024\/04\/SErvicios-Juridicos-1-300x225.jpg\" alt=\"\" width=\"500\" height=\"375\" \/><\/p><p>El nostre servei jur\u00eddic es caracteritza per la serietat i professionalitat, i l&#8217;especialitzaci\u00f3 dels seus components en els diferents \u00e0mbits del dret \u00e9s la millor garantia.<\/p><p>Amb la finalitat d&#8217;oferir una Gesti\u00f3 Immobili\u00e0ria integral i un servei de qualitat, ens hem especialitzat en les mat\u00e8ries que susciten m\u00e9s demanda per part dels clients que confien en FINQUES LLAURAD\u00d3., com s\u00f3n les reclamacions de quantitat, desnonaments per manca de pagament ( LAU) i per finalitzaci\u00f3 del termini d&#8217;arrendament.<\/p><p><strong>Despatx Jur\u00eddic Due\u00f1as advocats<\/strong><br \/><strong>\u00c0rees:<br \/><\/strong>\u2981 Dret Civil<br \/>\u2981 Dret Penal<br \/>\u2981 Dret laboral<\/p>\t\t\t\t\t\t<\/div>\n\t\t\t\t<\/div>\n\t\t\t\t\t<\/div>\n\t\t\t\t<\/div>\n\t\t\t\t<\/div>\n\t\t","protected":false},"excerpt":{"rendered":"<p>El nostre servei jur\u00eddic es caracteritza per la serietat i professionalitat, i l&#8217;especialitzaci\u00f3 dels seus components en els diferents \u00e0mbits del dret \u00e9s la millor garantia. Amb la finalitat d&#8217;oferir una Gesti\u00f3 Immobili\u00e0ria integral i un servei de qualitat, ens hem especialitzat en les mat\u00e8ries que susciten m\u00e9s demanda per part dels clients que confien [&hellip;]<\/p>\n","protected":false},"author":1,"featured_media":0,"parent":0,"menu_order":0,"comment_status":"closed","ping_status":"open","template":"","meta":{"footnotes":""},"class_list":["post-13226","page","type-page","status-publish","hentry"],"yoast_head":"<!-- This site is optimized with the Yoast SEO plugin v27.0 - https:\/\/yoast.com\/product\/yoast-seo-wordpress\/ -->\n<title>Serveis juridics - Finques Llaurado<\/title>\n<meta name=\"robots\" content=\"index, follow, max-snippet:-1, max-image-preview:large, max-video-preview:-1\" \/>\n<link rel=\"canonical\" href=\"https:\/\/fllaurado.com\/ca\/serveis-juridics\/\" \/>\n<meta property=\"og:locale\" content=\"ca_ES\" \/>\n<meta property=\"og:type\" content=\"article\" \/>\n<meta property=\"og:title\" content=\"Serveis juridics - Finques Llaurado\" \/>\n<meta property=\"og:description\" content=\"El nostre servei jur\u00eddic es caracteritza per la serietat i professionalitat, i l&#8217;especialitzaci\u00f3 dels seus components en els diferents \u00e0mbits del dret \u00e9s la millor garantia. Amb la finalitat d&#8217;oferir una Gesti\u00f3 Immobili\u00e0ria integral i un servei de qualitat, ens hem especialitzat en les mat\u00e8ries que susciten m\u00e9s demanda per part dels clients que confien [&hellip;]\" \/>\n<meta property=\"og:url\" content=\"https:\/\/fllaurado.com\/ca\/serveis-juridics\/\" \/>\n<meta property=\"og:site_name\" content=\"Finques Llaurado\" \/>\n<meta property=\"article:modified_time\" content=\"2024-07-25T11:39:40+00:00\" \/>\n<meta property=\"og:image\" content=\"http:\/\/fllaurado.com\/wp-content\/uploads\/2024\/04\/SErvicios-Juridicos-1-300x225.jpg\" \/>\n<meta name=\"twitter:card\" content=\"summary_large_image\" \/>\n<script type=\"application\/ld+json\" class=\"yoast-schema-graph\">{\"@context\":\"https:\/\/schema.org\",\"@graph\":[{\"@type\":\"WebPage\",\"@id\":\"https:\/\/fllaurado.com\/ca\/serveis-juridics\/\",\"url\":\"https:\/\/fllaurado.com\/ca\/serveis-juridics\/\",\"name\":\"Serveis juridics - Finques Llaurado\",\"isPartOf\":{\"@id\":\"https:\/\/fllaurado.com\/#website\"},\"primaryImageOfPage\":{\"@id\":\"https:\/\/fllaurado.com\/ca\/serveis-juridics\/#primaryimage\"},\"image\":{\"@id\":\"https:\/\/fllaurado.com\/ca\/serveis-juridics\/#primaryimage\"},\"thumbnailUrl\":\"http:\/\/fllaurado.com\/wp-content\/uploads\/2024\/04\/SErvicios-Juridicos-1-300x225.jpg\",\"datePublished\":\"2024-04-12T10:25:07+00:00\",\"dateModified\":\"2024-07-25T11:39:40+00:00\",\"breadcrumb\":{\"@id\":\"https:\/\/fllaurado.com\/ca\/serveis-juridics\/#breadcrumb\"},\"inLanguage\":\"ca\",\"potentialAction\":[{\"@type\":\"ReadAction\",\"target\":[\"https:\/\/fllaurado.com\/ca\/serveis-juridics\/\"]}]},{\"@type\":\"ImageObject\",\"inLanguage\":\"ca\",\"@id\":\"https:\/\/fllaurado.com\/ca\/serveis-juridics\/#primaryimage\",\"url\":\"http:\/\/fllaurado.com\/wp-content\/uploads\/2024\/04\/SErvicios-Juridicos-1-300x225.jpg\",\"contentUrl\":\"http:\/\/fllaurado.com\/wp-content\/uploads\/2024\/04\/SErvicios-Juridicos-1-300x225.jpg\"},{\"@type\":\"BreadcrumbList\",\"@id\":\"https:\/\/fllaurado.com\/ca\/serveis-juridics\/#breadcrumb\",\"itemListElement\":[{\"@type\":\"ListItem\",\"position\":1,\"name\":\"Portada\",\"item\":\"https:\/\/fllaurado.com\/\"},{\"@type\":\"ListItem\",\"position\":2,\"name\":\"Serveis juridics\"}]},{\"@type\":\"WebSite\",\"@id\":\"https:\/\/fllaurado.com\/#website\",\"url\":\"https:\/\/fllaurado.com\/\",\"name\":\"Finques Llaurado\",\"description\":\"EXPERIENCIA Y PROFESIONALIDAD\",\"publisher\":{\"@id\":\"https:\/\/fllaurado.com\/#organization\"},\"potentialAction\":[{\"@type\":\"SearchAction\",\"target\":{\"@type\":\"EntryPoint\",\"urlTemplate\":\"https:\/\/fllaurado.com\/?s={search_term_string}\"},\"query-input\":{\"@type\":\"PropertyValueSpecification\",\"valueRequired\":true,\"valueName\":\"search_term_string\"}}],\"inLanguage\":\"ca\"},{\"@type\":\"Organization\",\"@id\":\"https:\/\/fllaurado.com\/#organization\",\"name\":\"Finques Llaurado\",\"url\":\"https:\/\/fllaurado.com\/\",\"logo\":{\"@type\":\"ImageObject\",\"inLanguage\":\"ca\",\"@id\":\"https:\/\/fllaurado.com\/#\/schema\/logo\/image\/\",\"url\":\"https:\/\/fllaurado.com\/wp-content\/uploads\/2024\/06\/cropped-logonou.png\",\"contentUrl\":\"https:\/\/fllaurado.com\/wp-content\/uploads\/2024\/06\/cropped-logonou.png\",\"width\":345,\"height\":265,\"caption\":\"Finques Llaurado\"},\"image\":{\"@id\":\"https:\/\/fllaurado.com\/#\/schema\/logo\/image\/\"},\"sameAs\":[\"https:\/\/www.instagram.com\/finquesllaurado\/\"]}]}<\/script>\n<!-- \/ Yoast SEO plugin. -->","yoast_head_json":{"title":"Serveis juridics - Finques Llaurado","robots":{"index":"index","follow":"follow","max-snippet":"max-snippet:-1","max-image-preview":"max-image-preview:large","max-video-preview":"max-video-preview:-1"},"canonical":"https:\/\/fllaurado.com\/ca\/serveis-juridics\/","og_locale":"ca_ES","og_type":"article","og_title":"Serveis juridics - Finques Llaurado","og_description":"El nostre servei jur\u00eddic es caracteritza per la serietat i professionalitat, i l&#8217;especialitzaci\u00f3 dels seus components en els diferents \u00e0mbits del dret \u00e9s la millor garantia. Amb la finalitat d&#8217;oferir una Gesti\u00f3 Immobili\u00e0ria integral i un servei de qualitat, ens hem especialitzat en les mat\u00e8ries que susciten m\u00e9s demanda per part dels clients que confien [&hellip;]","og_url":"https:\/\/fllaurado.com\/ca\/serveis-juridics\/","og_site_name":"Finques Llaurado","article_modified_time":"2024-07-25T11:39:40+00:00","og_image":[{"url":"http:\/\/fllaurado.com\/wp-content\/uploads\/2024\/04\/SErvicios-Juridicos-1-300x225.jpg","type":"","width":"","height":""}],"twitter_card":"summary_large_image","schema":{"@context":"https:\/\/schema.org","@graph":[{"@type":"WebPage","@id":"https:\/\/fllaurado.com\/ca\/serveis-juridics\/","url":"https:\/\/fllaurado.com\/ca\/serveis-juridics\/","name":"Serveis juridics - Finques Llaurado","isPartOf":{"@id":"https:\/\/fllaurado.com\/#website"},"primaryImageOfPage":{"@id":"https:\/\/fllaurado.com\/ca\/serveis-juridics\/#primaryimage"},"image":{"@id":"https:\/\/fllaurado.com\/ca\/serveis-juridics\/#primaryimage"},"thumbnailUrl":"http:\/\/fllaurado.com\/wp-content\/uploads\/2024\/04\/SErvicios-Juridicos-1-300x225.jpg","datePublished":"2024-04-12T10:25:07+00:00","dateModified":"2024-07-25T11:39:40+00:00","breadcrumb":{"@id":"https:\/\/fllaurado.com\/ca\/serveis-juridics\/#breadcrumb"},"inLanguage":"ca","potentialAction":[{"@type":"ReadAction","target":["https:\/\/fllaurado.com\/ca\/serveis-juridics\/"]}]},{"@type":"ImageObject","inLanguage":"ca","@id":"https:\/\/fllaurado.com\/ca\/serveis-juridics\/#primaryimage","url":"http:\/\/fllaurado.com\/wp-content\/uploads\/2024\/04\/SErvicios-Juridicos-1-300x225.jpg","contentUrl":"http:\/\/fllaurado.com\/wp-content\/uploads\/2024\/04\/SErvicios-Juridicos-1-300x225.jpg"},{"@type":"BreadcrumbList","@id":"https:\/\/fllaurado.com\/ca\/serveis-juridics\/#breadcrumb","itemListElement":[{"@type":"ListItem","position":1,"name":"Portada","item":"https:\/\/fllaurado.com\/"},{"@type":"ListItem","position":2,"name":"Serveis juridics"}]},{"@type":"WebSite","@id":"https:\/\/fllaurado.com\/#website","url":"https:\/\/fllaurado.com\/","name":"Finques Llaurado","description":"EXPERIENCIA Y PROFESIONALIDAD","publisher":{"@id":"https:\/\/fllaurado.com\/#organization"},"potentialAction":[{"@type":"SearchAction","target":{"@type":"EntryPoint","urlTemplate":"https:\/\/fllaurado.com\/?s={search_term_string}"},"query-input":{"@type":"PropertyValueSpecification","valueRequired":true,"valueName":"search_term_string"}}],"inLanguage":"ca"},{"@type":"Organization","@id":"https:\/\/fllaurado.com\/#organization","name":"Finques Llaurado","url":"https:\/\/fllaurado.com\/","logo":{"@type":"ImageObject","inLanguage":"ca","@id":"https:\/\/fllaurado.com\/#\/schema\/logo\/image\/","url":"https:\/\/fllaurado.com\/wp-content\/uploads\/2024\/06\/cropped-logonou.png","contentUrl":"https:\/\/fllaurado.com\/wp-content\/uploads\/2024\/06\/cropped-logonou.png","width":345,"height":265,"caption":"Finques Llaurado"},"image":{"@id":"https:\/\/fllaurado.com\/#\/schema\/logo\/image\/"},"sameAs":["https:\/\/www.instagram.com\/finquesllaurado\/"]}]}},"_links":{"self":[{"href":"https:\/\/fllaurado.com\/ca\/wp-json\/wp\/v2\/pages\/13226","targetHints":{"allow":["GET"]}}],"collection":[{"href":"https:\/\/fllaurado.com\/ca\/wp-json\/wp\/v2\/pages"}],"about":[{"href":"https:\/\/fllaurado.com\/ca\/wp-json\/wp\/v2\/types\/page"}],"author":[{"embeddable":true,"href":"https:\/\/fllaurado.com\/ca\/wp-json\/wp\/v2\/users\/1"}],"replies":[{"embeddable":true,"href":"https:\/\/fllaurado.com\/ca\/wp-json\/wp\/v2\/comments?post=13226"}],"version-history":[{"count":4,"href":"https:\/\/fllaurado.com\/ca\/wp-json\/wp\/v2\/pages\/13226\/revisions"}],"predecessor-version":[{"id":13311,"href":"https:\/\/fllaurado.com\/ca\/wp-json\/wp\/v2\/pages\/13226\/revisions\/13311"}],"wp:attachment":[{"href":"https:\/\/fllaurado.com\/ca\/wp-json\/wp\/v2\/media?parent=13226"}],"curies":[{"name":"wp","href":"https:\/\/api.w.org\/{rel}","templated":true}]}}