{"id":13228,"date":"2014-12-26T10:53:22","date_gmt":"2014-12-26T09:53:22","guid":{"rendered":"https:\/\/fllaurado.com\/?page_id=13228"},"modified":"2024-07-25T13:40:46","modified_gmt":"2024-07-25T11:40:46","slug":"sobre-nosaltres","status":"publish","type":"page","link":"https:\/\/fllaurado.com\/ca\/sobre-nosaltres\/","title":{"rendered":"Sobre nosaltres"},"content":{"rendered":"\t\t<div data-elementor-type=\"wp-page\" data-elementor-id=\"13228\" class=\"elementor elementor-13228 elementor-220\">\n\t\t\t\t<div class=\"elementor-element elementor-element-c7b1a65 e-flex e-con-boxed e-con e-parent\" data-id=\"c7b1a65\" data-element_type=\"container\">\n\t\t\t\t\t<div class=\"e-con-inner\">\n\t\t\t\t<div class=\"elementor-element elementor-element-f2a6f8f elementor-widget elementor-widget-wp-widget-bcn_widget\" data-id=\"f2a6f8f\" data-element_type=\"widget\" data-widget_type=\"wp-widget-bcn_widget.default\">\n\t\t\t\t<div class=\"elementor-widget-container\">\n\t\t\t<div class=\"breadcrumbs\" vocab=\"https:\/\/schema.org\/\" typeof=\"BreadcrumbList\"><span property=\"itemListElement\" typeof=\"ListItem\"><a property=\"item\" typeof=\"WebPage\" title=\"V\u00e9s a Finques Llaurado.\" href=\"https:\/\/fllaurado.com\/ca\/\" class=\"home\" aria-current=\"page\"><span property=\"name\">Finques Llaurado<\/span><\/a><meta property=\"position\" content=\"1\"><\/span><\/div>\t\t<\/div>\n\t\t\t\t<\/div>\n\t\t\t\t\t<\/div>\n\t\t\t\t<\/div>\n\t\t<div class=\"elementor-element elementor-element-1dbe0a3c e-flex e-con-boxed e-con e-parent\" data-id=\"1dbe0a3c\" data-element_type=\"container\">\n\t\t\t\t\t<div class=\"e-con-inner\">\n\t\t\t\t<div class=\"elementor-element elementor-element-63a79c39 elementor-widget elementor-widget-text-editor\" data-id=\"63a79c39\" data-element_type=\"widget\" data-widget_type=\"text-editor.default\">\n\t\t\t\t<div class=\"elementor-widget-container\">\n\t\t\t\t\t\t\t<p><img fetchpriority=\"high\" decoding=\"async\" class=\"alignleft wp-image-10515\" src=\"http:\/\/fllaurado.com\/wp-content\/uploads\/2024\/04\/Sobre-Nosotros-scaled-e1712917823158-1-768x1024.jpg\" alt=\"\" width=\"500\" height=\"667\" \/><\/p><p>Finques Llaurad\u00f3 ofereix un servei diferencial i innovador al sector inmobiliari, ja que a m\u00e9s de comptar amb un equip altament qualificat i amb gran experi\u00e8ncia, aposta per la qualitat, la bona comunicaci\u00f3 amb els seus clients i aprofita els avantatges que li ofereixen les noves tecnologies.<\/p><p>Combinem l\u00b4experi\u00e8ncia i la tradici\u00f3 de dos generacions amb l\u00b4agilitat de l\u00b4adaptaci\u00f3 al canvi de l\u00b4actualitat.<\/p><p>Finques Llaurad\u00f3 cumpleix 40 anys d\u00b4hist\u00f2ria. L\u00b4empresa fundada per Antonio Llaurad\u00f3 Molina, i que actualment dirigeix Ana Llaurad\u00f3 Garc\u00eda, s\u00b4ha consolidat al cap d\u00b4aquests anys com una refer\u00e8ncia al sector inmobiliari a L\u00b4Hospitalet centre. Desde el seu inici instal.la les seves oficines a la Rbla. Just Oliveras, 64.<\/p><p>Durant aquest temps, el nostre objectiu ha estat el de satisfer les necessitats dels nostres clients m\u00e9s exigents en la cercapersonalitzada de solucions inmobiliaries, sempre sent fidels als nostres valors de professionalitat, atenci\u00f6 personalitzada al client i millora cont\u00ednua.<\/p>\t\t\t\t\t\t<\/div>\n\t\t\t\t<\/div>\n\t\t\t\t\t<\/div>\n\t\t\t\t<\/div>\n\t\t\t\t<\/div>\n\t\t","protected":false},"excerpt":{"rendered":"<p>Finques Llaurad\u00f3 ofereix un servei diferencial i innovador al sector inmobiliari, ja que a m\u00e9s de comptar amb un equip altament qualificat i amb gran experi\u00e8ncia, aposta per la qualitat, la bona comunicaci\u00f3 amb els seus clients i aprofita els avantatges que li ofereixen les noves tecnologies. Combinem l\u00b4experi\u00e8ncia i la tradici\u00f3 de dos generacions [&hellip;]<\/p>\n","protected":false},"author":1,"featured_media":0,"parent":0,"menu_order":0,"comment_status":"closed","ping_status":"closed","template":"","meta":{"footnotes":""},"class_list":["post-13228","page","type-page","status-publish","hentry"],"yoast_head":"<!-- This site is optimized with the Yoast SEO plugin v27.0 - https:\/\/yoast.com\/product\/yoast-seo-wordpress\/ -->\n<title>Sobre nosaltres - Finques Llaurado<\/title>\n<meta name=\"robots\" content=\"index, follow, max-snippet:-1, max-image-preview:large, max-video-preview:-1\" \/>\n<link rel=\"canonical\" href=\"https:\/\/fllaurado.com\/ca\/sobre-nosaltres\/\" \/>\n<meta property=\"og:locale\" content=\"ca_ES\" \/>\n<meta property=\"og:type\" content=\"article\" \/>\n<meta property=\"og:title\" content=\"Sobre nosaltres - Finques Llaurado\" \/>\n<meta property=\"og:description\" content=\"Finques Llaurad\u00f3 ofereix un servei diferencial i innovador al sector inmobiliari, ja que a m\u00e9s de comptar amb un equip altament qualificat i amb gran experi\u00e8ncia, aposta per la qualitat, la bona comunicaci\u00f3 amb els seus clients i aprofita els avantatges que li ofereixen les noves tecnologies. Combinem l\u00b4experi\u00e8ncia i la tradici\u00f3 de dos generacions [&hellip;]\" \/>\n<meta property=\"og:url\" content=\"https:\/\/fllaurado.com\/ca\/sobre-nosaltres\/\" \/>\n<meta property=\"og:site_name\" content=\"Finques Llaurado\" \/>\n<meta property=\"article:modified_time\" content=\"2024-07-25T11:40:46+00:00\" \/>\n<meta property=\"og:image\" content=\"http:\/\/fllaurado.com\/wp-content\/uploads\/2024\/04\/Sobre-Nosotros-scaled-e1712917823158-1-768x1024.jpg\" \/>\n<meta name=\"twitter:card\" content=\"summary_large_image\" \/>\n<meta name=\"twitter:label1\" content=\"Temps estimat de lectura\" \/>\n\t<meta name=\"twitter:data1\" content=\"1 minut\" \/>\n<script type=\"application\/ld+json\" class=\"yoast-schema-graph\">{\"@context\":\"https:\/\/schema.org\",\"@graph\":[{\"@type\":\"WebPage\",\"@id\":\"https:\/\/fllaurado.com\/ca\/sobre-nosaltres\/\",\"url\":\"https:\/\/fllaurado.com\/ca\/sobre-nosaltres\/\",\"name\":\"Sobre nosaltres - Finques Llaurado\",\"isPartOf\":{\"@id\":\"https:\/\/fllaurado.com\/#website\"},\"primaryImageOfPage\":{\"@id\":\"https:\/\/fllaurado.com\/ca\/sobre-nosaltres\/#primaryimage\"},\"image\":{\"@id\":\"https:\/\/fllaurado.com\/ca\/sobre-nosaltres\/#primaryimage\"},\"thumbnailUrl\":\"http:\/\/fllaurado.com\/wp-content\/uploads\/2024\/04\/Sobre-Nosotros-scaled-e1712917823158-1-768x1024.jpg\",\"datePublished\":\"2014-12-26T09:53:22+00:00\",\"dateModified\":\"2024-07-25T11:40:46+00:00\",\"breadcrumb\":{\"@id\":\"https:\/\/fllaurado.com\/ca\/sobre-nosaltres\/#breadcrumb\"},\"inLanguage\":\"ca\",\"potentialAction\":[{\"@type\":\"ReadAction\",\"target\":[\"https:\/\/fllaurado.com\/ca\/sobre-nosaltres\/\"]}]},{\"@type\":\"ImageObject\",\"inLanguage\":\"ca\",\"@id\":\"https:\/\/fllaurado.com\/ca\/sobre-nosaltres\/#primaryimage\",\"url\":\"http:\/\/fllaurado.com\/wp-content\/uploads\/2024\/04\/Sobre-Nosotros-scaled-e1712917823158-1-768x1024.jpg\",\"contentUrl\":\"http:\/\/fllaurado.com\/wp-content\/uploads\/2024\/04\/Sobre-Nosotros-scaled-e1712917823158-1-768x1024.jpg\"},{\"@type\":\"BreadcrumbList\",\"@id\":\"https:\/\/fllaurado.com\/ca\/sobre-nosaltres\/#breadcrumb\",\"itemListElement\":[{\"@type\":\"ListItem\",\"position\":1,\"name\":\"Portada\",\"item\":\"https:\/\/fllaurado.com\/\"},{\"@type\":\"ListItem\",\"position\":2,\"name\":\"Sobre nosaltres\"}]},{\"@type\":\"WebSite\",\"@id\":\"https:\/\/fllaurado.com\/#website\",\"url\":\"https:\/\/fllaurado.com\/\",\"name\":\"Finques Llaurado\",\"description\":\"EXPERIENCIA Y PROFESIONALIDAD\",\"publisher\":{\"@id\":\"https:\/\/fllaurado.com\/#organization\"},\"potentialAction\":[{\"@type\":\"SearchAction\",\"target\":{\"@type\":\"EntryPoint\",\"urlTemplate\":\"https:\/\/fllaurado.com\/?s={search_term_string}\"},\"query-input\":{\"@type\":\"PropertyValueSpecification\",\"valueRequired\":true,\"valueName\":\"search_term_string\"}}],\"inLanguage\":\"ca\"},{\"@type\":\"Organization\",\"@id\":\"https:\/\/fllaurado.com\/#organization\",\"name\":\"Finques Llaurado\",\"url\":\"https:\/\/fllaurado.com\/\",\"logo\":{\"@type\":\"ImageObject\",\"inLanguage\":\"ca\",\"@id\":\"https:\/\/fllaurado.com\/#\/schema\/logo\/image\/\",\"url\":\"https:\/\/fllaurado.com\/wp-content\/uploads\/2024\/06\/cropped-logonou.png\",\"contentUrl\":\"https:\/\/fllaurado.com\/wp-content\/uploads\/2024\/06\/cropped-logonou.png\",\"width\":345,\"height\":265,\"caption\":\"Finques Llaurado\"},\"image\":{\"@id\":\"https:\/\/fllaurado.com\/#\/schema\/logo\/image\/\"},\"sameAs\":[\"https:\/\/www.instagram.com\/finquesllaurado\/\"]}]}<\/script>\n<!-- \/ Yoast SEO plugin. -->","yoast_head_json":{"title":"Sobre nosaltres - Finques Llaurado","robots":{"index":"index","follow":"follow","max-snippet":"max-snippet:-1","max-image-preview":"max-image-preview:large","max-video-preview":"max-video-preview:-1"},"canonical":"https:\/\/fllaurado.com\/ca\/sobre-nosaltres\/","og_locale":"ca_ES","og_type":"article","og_title":"Sobre nosaltres - Finques Llaurado","og_description":"Finques Llaurad\u00f3 ofereix un servei diferencial i innovador al sector inmobiliari, ja que a m\u00e9s de comptar amb un equip altament qualificat i amb gran experi\u00e8ncia, aposta per la qualitat, la bona comunicaci\u00f3 amb els seus clients i aprofita els avantatges que li ofereixen les noves tecnologies. Combinem l\u00b4experi\u00e8ncia i la tradici\u00f3 de dos generacions [&hellip;]","og_url":"https:\/\/fllaurado.com\/ca\/sobre-nosaltres\/","og_site_name":"Finques Llaurado","article_modified_time":"2024-07-25T11:40:46+00:00","og_image":[{"url":"http:\/\/fllaurado.com\/wp-content\/uploads\/2024\/04\/Sobre-Nosotros-scaled-e1712917823158-1-768x1024.jpg","type":"","width":"","height":""}],"twitter_card":"summary_large_image","twitter_misc":{"Temps estimat de lectura":"1 minut"},"schema":{"@context":"https:\/\/schema.org","@graph":[{"@type":"WebPage","@id":"https:\/\/fllaurado.com\/ca\/sobre-nosaltres\/","url":"https:\/\/fllaurado.com\/ca\/sobre-nosaltres\/","name":"Sobre nosaltres - Finques Llaurado","isPartOf":{"@id":"https:\/\/fllaurado.com\/#website"},"primaryImageOfPage":{"@id":"https:\/\/fllaurado.com\/ca\/sobre-nosaltres\/#primaryimage"},"image":{"@id":"https:\/\/fllaurado.com\/ca\/sobre-nosaltres\/#primaryimage"},"thumbnailUrl":"http:\/\/fllaurado.com\/wp-content\/uploads\/2024\/04\/Sobre-Nosotros-scaled-e1712917823158-1-768x1024.jpg","datePublished":"2014-12-26T09:53:22+00:00","dateModified":"2024-07-25T11:40:46+00:00","breadcrumb":{"@id":"https:\/\/fllaurado.com\/ca\/sobre-nosaltres\/#breadcrumb"},"inLanguage":"ca","potentialAction":[{"@type":"ReadAction","target":["https:\/\/fllaurado.com\/ca\/sobre-nosaltres\/"]}]},{"@type":"ImageObject","inLanguage":"ca","@id":"https:\/\/fllaurado.com\/ca\/sobre-nosaltres\/#primaryimage","url":"http:\/\/fllaurado.com\/wp-content\/uploads\/2024\/04\/Sobre-Nosotros-scaled-e1712917823158-1-768x1024.jpg","contentUrl":"http:\/\/fllaurado.com\/wp-content\/uploads\/2024\/04\/Sobre-Nosotros-scaled-e1712917823158-1-768x1024.jpg"},{"@type":"BreadcrumbList","@id":"https:\/\/fllaurado.com\/ca\/sobre-nosaltres\/#breadcrumb","itemListElement":[{"@type":"ListItem","position":1,"name":"Portada","item":"https:\/\/fllaurado.com\/"},{"@type":"ListItem","position":2,"name":"Sobre nosaltres"}]},{"@type":"WebSite","@id":"https:\/\/fllaurado.com\/#website","url":"https:\/\/fllaurado.com\/","name":"Finques Llaurado","description":"EXPERIENCIA Y PROFESIONALIDAD","publisher":{"@id":"https:\/\/fllaurado.com\/#organization"},"potentialAction":[{"@type":"SearchAction","target":{"@type":"EntryPoint","urlTemplate":"https:\/\/fllaurado.com\/?s={search_term_string}"},"query-input":{"@type":"PropertyValueSpecification","valueRequired":true,"valueName":"search_term_string"}}],"inLanguage":"ca"},{"@type":"Organization","@id":"https:\/\/fllaurado.com\/#organization","name":"Finques Llaurado","url":"https:\/\/fllaurado.com\/","logo":{"@type":"ImageObject","inLanguage":"ca","@id":"https:\/\/fllaurado.com\/#\/schema\/logo\/image\/","url":"https:\/\/fllaurado.com\/wp-content\/uploads\/2024\/06\/cropped-logonou.png","contentUrl":"https:\/\/fllaurado.com\/wp-content\/uploads\/2024\/06\/cropped-logonou.png","width":345,"height":265,"caption":"Finques Llaurado"},"image":{"@id":"https:\/\/fllaurado.com\/#\/schema\/logo\/image\/"},"sameAs":["https:\/\/www.instagram.com\/finquesllaurado\/"]}]}},"_links":{"self":[{"href":"https:\/\/fllaurado.com\/ca\/wp-json\/wp\/v2\/pages\/13228","targetHints":{"allow":["GET"]}}],"collection":[{"href":"https:\/\/fllaurado.com\/ca\/wp-json\/wp\/v2\/pages"}],"about":[{"href":"https:\/\/fllaurado.com\/ca\/wp-json\/wp\/v2\/types\/page"}],"author":[{"embeddable":true,"href":"https:\/\/fllaurado.com\/ca\/wp-json\/wp\/v2\/users\/1"}],"replies":[{"embeddable":true,"href":"https:\/\/fllaurado.com\/ca\/wp-json\/wp\/v2\/comments?post=13228"}],"version-history":[{"count":4,"href":"https:\/\/fllaurado.com\/ca\/wp-json\/wp\/v2\/pages\/13228\/revisions"}],"predecessor-version":[{"id":13314,"href":"https:\/\/fllaurado.com\/ca\/wp-json\/wp\/v2\/pages\/13228\/revisions\/13314"}],"wp:attachment":[{"href":"https:\/\/fllaurado.com\/ca\/wp-json\/wp\/v2\/media?parent=13228"}],"curies":[{"name":"wp","href":"https:\/\/api.w.org\/{rel}","templated":true}]}}