{"id":13232,"date":"2024-04-11T16:48:34","date_gmt":"2024-04-11T14:48:34","guid":{"rendered":"https:\/\/fllaurado.com\/?page_id=13232"},"modified":"2024-07-25T13:35:41","modified_gmt":"2024-07-25T11:35:41","slug":"venda","status":"publish","type":"page","link":"https:\/\/fllaurado.com\/ca\/venda\/","title":{"rendered":"Venda"},"content":{"rendered":"\t\t<div data-elementor-type=\"wp-page\" data-elementor-id=\"13232\" class=\"elementor elementor-13232 elementor-10478\">\n\t\t\t\t<div class=\"elementor-element elementor-element-646079c e-flex e-con-boxed e-con e-parent\" data-id=\"646079c\" data-element_type=\"container\">\n\t\t\t\t\t<div class=\"e-con-inner\">\n\t\t\t\t<div class=\"elementor-element elementor-element-7d3d9da elementor-widget elementor-widget-wp-widget-bcn_widget\" data-id=\"7d3d9da\" data-element_type=\"widget\" data-widget_type=\"wp-widget-bcn_widget.default\">\n\t\t\t\t<div class=\"elementor-widget-container\">\n\t\t\t<div class=\"breadcrumbs\" vocab=\"https:\/\/schema.org\/\" typeof=\"BreadcrumbList\"><span property=\"itemListElement\" typeof=\"ListItem\"><a property=\"item\" typeof=\"WebPage\" title=\"V\u00e9s a Finques Llaurado.\" href=\"https:\/\/fllaurado.com\/ca\/\" class=\"home\" aria-current=\"page\"><span property=\"name\">Finques Llaurado<\/span><\/a><meta property=\"position\" content=\"1\"><\/span><\/div>\t\t<\/div>\n\t\t\t\t<\/div>\n\t\t\t\t\t<\/div>\n\t\t\t\t<\/div>\n\t\t<div class=\"elementor-element elementor-element-7abadf0d e-flex e-con-boxed e-con e-parent\" data-id=\"7abadf0d\" data-element_type=\"container\">\n\t\t\t\t\t<div class=\"e-con-inner\">\n\t\t\t\t<div class=\"elementor-element elementor-element-30ffaf0e elementor-widget elementor-widget-text-editor\" data-id=\"30ffaf0e\" data-element_type=\"widget\" data-widget_type=\"text-editor.default\">\n\t\t\t\t<div class=\"elementor-widget-container\">\n\t\t\t\t\t\t\t<p><img fetchpriority=\"high\" decoding=\"async\" class=\"alignleft wp-image-10479\" src=\"http:\/\/fllaurado.com\/wp-content\/uploads\/2024\/04\/Venta-1-1024x682.jpg\" alt=\"\" width=\"500\" height=\"333\" \/><\/p><p>Venem la seva propietat, oferint una gesti\u00f3 integral.<br \/>Us oferim una valoraci\u00f3 professional sense cost, fixarem una cita per visitar la vostra propietat.<br \/><br \/>Tenim una \u00e0mplia cartera de clients, potencials compradors que busquen de forma activa a diferents zones.<br \/><br \/>Ens ocupem de tota la gesti\u00f3 administrativa i us acompanyem durant tot el proc\u00e9s.<br \/>Recopilem tota la documentaci\u00f3 obligat\u00f2ria per a la venda.<br \/>Omple el formulari de contacte i contactarem amb tu<\/p>\t\t\t\t\t\t<\/div>\n\t\t\t\t<\/div>\n\t\t\t\t\t<\/div>\n\t\t\t\t<\/div>\n\t\t\t\t<\/div>\n\t\t","protected":false},"excerpt":{"rendered":"<p>Venem la seva propietat, oferint una gesti\u00f3 integral.Us oferim una valoraci\u00f3 professional sense cost, fixarem una cita per visitar la vostra propietat. Tenim una \u00e0mplia cartera de clients, potencials compradors que busquen de forma activa a diferents zones. Ens ocupem de tota la gesti\u00f3 administrativa i us acompanyem durant tot el proc\u00e9s.Recopilem tota la documentaci\u00f3 [&hellip;]<\/p>\n","protected":false},"author":1,"featured_media":0,"parent":0,"menu_order":0,"comment_status":"closed","ping_status":"open","template":"","meta":{"footnotes":""},"class_list":["post-13232","page","type-page","status-publish","hentry"],"yoast_head":"<!-- This site is optimized with the Yoast SEO plugin v27.0 - https:\/\/yoast.com\/product\/yoast-seo-wordpress\/ -->\n<title>Venda - Finques Llaurado<\/title>\n<meta name=\"robots\" content=\"index, follow, max-snippet:-1, max-image-preview:large, max-video-preview:-1\" \/>\n<link rel=\"canonical\" href=\"https:\/\/fllaurado.com\/ca\/venda\/\" \/>\n<meta property=\"og:locale\" content=\"ca_ES\" \/>\n<meta property=\"og:type\" content=\"article\" \/>\n<meta property=\"og:title\" content=\"Venda - Finques Llaurado\" \/>\n<meta property=\"og:description\" content=\"Venem la seva propietat, oferint una gesti\u00f3 integral.Us oferim una valoraci\u00f3 professional sense cost, fixarem una cita per visitar la vostra propietat. Tenim una \u00e0mplia cartera de clients, potencials compradors que busquen de forma activa a diferents zones. Ens ocupem de tota la gesti\u00f3 administrativa i us acompanyem durant tot el proc\u00e9s.Recopilem tota la documentaci\u00f3 [&hellip;]\" \/>\n<meta property=\"og:url\" content=\"https:\/\/fllaurado.com\/ca\/venda\/\" \/>\n<meta property=\"og:site_name\" content=\"Finques Llaurado\" \/>\n<meta property=\"article:modified_time\" content=\"2024-07-25T11:35:41+00:00\" \/>\n<meta property=\"og:image\" content=\"http:\/\/fllaurado.com\/wp-content\/uploads\/2024\/04\/Venta-1-1024x682.jpg\" \/>\n<meta name=\"twitter:card\" content=\"summary_large_image\" \/>\n<script type=\"application\/ld+json\" class=\"yoast-schema-graph\">{\"@context\":\"https:\/\/schema.org\",\"@graph\":[{\"@type\":\"WebPage\",\"@id\":\"https:\/\/fllaurado.com\/ca\/venda\/\",\"url\":\"https:\/\/fllaurado.com\/ca\/venda\/\",\"name\":\"Venda - Finques Llaurado\",\"isPartOf\":{\"@id\":\"https:\/\/fllaurado.com\/#website\"},\"primaryImageOfPage\":{\"@id\":\"https:\/\/fllaurado.com\/ca\/venda\/#primaryimage\"},\"image\":{\"@id\":\"https:\/\/fllaurado.com\/ca\/venda\/#primaryimage\"},\"thumbnailUrl\":\"http:\/\/fllaurado.com\/wp-content\/uploads\/2024\/04\/Venta-1-1024x682.jpg\",\"datePublished\":\"2024-04-11T14:48:34+00:00\",\"dateModified\":\"2024-07-25T11:35:41+00:00\",\"breadcrumb\":{\"@id\":\"https:\/\/fllaurado.com\/ca\/venda\/#breadcrumb\"},\"inLanguage\":\"ca\",\"potentialAction\":[{\"@type\":\"ReadAction\",\"target\":[\"https:\/\/fllaurado.com\/ca\/venda\/\"]}]},{\"@type\":\"ImageObject\",\"inLanguage\":\"ca\",\"@id\":\"https:\/\/fllaurado.com\/ca\/venda\/#primaryimage\",\"url\":\"http:\/\/fllaurado.com\/wp-content\/uploads\/2024\/04\/Venta-1-1024x682.jpg\",\"contentUrl\":\"http:\/\/fllaurado.com\/wp-content\/uploads\/2024\/04\/Venta-1-1024x682.jpg\"},{\"@type\":\"BreadcrumbList\",\"@id\":\"https:\/\/fllaurado.com\/ca\/venda\/#breadcrumb\",\"itemListElement\":[{\"@type\":\"ListItem\",\"position\":1,\"name\":\"Portada\",\"item\":\"https:\/\/fllaurado.com\/\"},{\"@type\":\"ListItem\",\"position\":2,\"name\":\"Venda\"}]},{\"@type\":\"WebSite\",\"@id\":\"https:\/\/fllaurado.com\/#website\",\"url\":\"https:\/\/fllaurado.com\/\",\"name\":\"Finques Llaurado\",\"description\":\"EXPERIENCIA Y PROFESIONALIDAD\",\"publisher\":{\"@id\":\"https:\/\/fllaurado.com\/#organization\"},\"potentialAction\":[{\"@type\":\"SearchAction\",\"target\":{\"@type\":\"EntryPoint\",\"urlTemplate\":\"https:\/\/fllaurado.com\/?s={search_term_string}\"},\"query-input\":{\"@type\":\"PropertyValueSpecification\",\"valueRequired\":true,\"valueName\":\"search_term_string\"}}],\"inLanguage\":\"ca\"},{\"@type\":\"Organization\",\"@id\":\"https:\/\/fllaurado.com\/#organization\",\"name\":\"Finques Llaurado\",\"url\":\"https:\/\/fllaurado.com\/\",\"logo\":{\"@type\":\"ImageObject\",\"inLanguage\":\"ca\",\"@id\":\"https:\/\/fllaurado.com\/#\/schema\/logo\/image\/\",\"url\":\"https:\/\/fllaurado.com\/wp-content\/uploads\/2024\/06\/cropped-logonou.png\",\"contentUrl\":\"https:\/\/fllaurado.com\/wp-content\/uploads\/2024\/06\/cropped-logonou.png\",\"width\":345,\"height\":265,\"caption\":\"Finques Llaurado\"},\"image\":{\"@id\":\"https:\/\/fllaurado.com\/#\/schema\/logo\/image\/\"},\"sameAs\":[\"https:\/\/www.instagram.com\/finquesllaurado\/\"]}]}<\/script>\n<!-- \/ Yoast SEO plugin. -->","yoast_head_json":{"title":"Venda - Finques Llaurado","robots":{"index":"index","follow":"follow","max-snippet":"max-snippet:-1","max-image-preview":"max-image-preview:large","max-video-preview":"max-video-preview:-1"},"canonical":"https:\/\/fllaurado.com\/ca\/venda\/","og_locale":"ca_ES","og_type":"article","og_title":"Venda - Finques Llaurado","og_description":"Venem la seva propietat, oferint una gesti\u00f3 integral.Us oferim una valoraci\u00f3 professional sense cost, fixarem una cita per visitar la vostra propietat. Tenim una \u00e0mplia cartera de clients, potencials compradors que busquen de forma activa a diferents zones. Ens ocupem de tota la gesti\u00f3 administrativa i us acompanyem durant tot el proc\u00e9s.Recopilem tota la documentaci\u00f3 [&hellip;]","og_url":"https:\/\/fllaurado.com\/ca\/venda\/","og_site_name":"Finques Llaurado","article_modified_time":"2024-07-25T11:35:41+00:00","og_image":[{"url":"http:\/\/fllaurado.com\/wp-content\/uploads\/2024\/04\/Venta-1-1024x682.jpg","type":"","width":"","height":""}],"twitter_card":"summary_large_image","schema":{"@context":"https:\/\/schema.org","@graph":[{"@type":"WebPage","@id":"https:\/\/fllaurado.com\/ca\/venda\/","url":"https:\/\/fllaurado.com\/ca\/venda\/","name":"Venda - Finques Llaurado","isPartOf":{"@id":"https:\/\/fllaurado.com\/#website"},"primaryImageOfPage":{"@id":"https:\/\/fllaurado.com\/ca\/venda\/#primaryimage"},"image":{"@id":"https:\/\/fllaurado.com\/ca\/venda\/#primaryimage"},"thumbnailUrl":"http:\/\/fllaurado.com\/wp-content\/uploads\/2024\/04\/Venta-1-1024x682.jpg","datePublished":"2024-04-11T14:48:34+00:00","dateModified":"2024-07-25T11:35:41+00:00","breadcrumb":{"@id":"https:\/\/fllaurado.com\/ca\/venda\/#breadcrumb"},"inLanguage":"ca","potentialAction":[{"@type":"ReadAction","target":["https:\/\/fllaurado.com\/ca\/venda\/"]}]},{"@type":"ImageObject","inLanguage":"ca","@id":"https:\/\/fllaurado.com\/ca\/venda\/#primaryimage","url":"http:\/\/fllaurado.com\/wp-content\/uploads\/2024\/04\/Venta-1-1024x682.jpg","contentUrl":"http:\/\/fllaurado.com\/wp-content\/uploads\/2024\/04\/Venta-1-1024x682.jpg"},{"@type":"BreadcrumbList","@id":"https:\/\/fllaurado.com\/ca\/venda\/#breadcrumb","itemListElement":[{"@type":"ListItem","position":1,"name":"Portada","item":"https:\/\/fllaurado.com\/"},{"@type":"ListItem","position":2,"name":"Venda"}]},{"@type":"WebSite","@id":"https:\/\/fllaurado.com\/#website","url":"https:\/\/fllaurado.com\/","name":"Finques Llaurado","description":"EXPERIENCIA Y PROFESIONALIDAD","publisher":{"@id":"https:\/\/fllaurado.com\/#organization"},"potentialAction":[{"@type":"SearchAction","target":{"@type":"EntryPoint","urlTemplate":"https:\/\/fllaurado.com\/?s={search_term_string}"},"query-input":{"@type":"PropertyValueSpecification","valueRequired":true,"valueName":"search_term_string"}}],"inLanguage":"ca"},{"@type":"Organization","@id":"https:\/\/fllaurado.com\/#organization","name":"Finques Llaurado","url":"https:\/\/fllaurado.com\/","logo":{"@type":"ImageObject","inLanguage":"ca","@id":"https:\/\/fllaurado.com\/#\/schema\/logo\/image\/","url":"https:\/\/fllaurado.com\/wp-content\/uploads\/2024\/06\/cropped-logonou.png","contentUrl":"https:\/\/fllaurado.com\/wp-content\/uploads\/2024\/06\/cropped-logonou.png","width":345,"height":265,"caption":"Finques Llaurado"},"image":{"@id":"https:\/\/fllaurado.com\/#\/schema\/logo\/image\/"},"sameAs":["https:\/\/www.instagram.com\/finquesllaurado\/"]}]}},"_links":{"self":[{"href":"https:\/\/fllaurado.com\/ca\/wp-json\/wp\/v2\/pages\/13232","targetHints":{"allow":["GET"]}}],"collection":[{"href":"https:\/\/fllaurado.com\/ca\/wp-json\/wp\/v2\/pages"}],"about":[{"href":"https:\/\/fllaurado.com\/ca\/wp-json\/wp\/v2\/types\/page"}],"author":[{"embeddable":true,"href":"https:\/\/fllaurado.com\/ca\/wp-json\/wp\/v2\/users\/1"}],"replies":[{"embeddable":true,"href":"https:\/\/fllaurado.com\/ca\/wp-json\/wp\/v2\/comments?post=13232"}],"version-history":[{"count":4,"href":"https:\/\/fllaurado.com\/ca\/wp-json\/wp\/v2\/pages\/13232\/revisions"}],"predecessor-version":[{"id":13300,"href":"https:\/\/fllaurado.com\/ca\/wp-json\/wp\/v2\/pages\/13232\/revisions\/13300"}],"wp:attachment":[{"href":"https:\/\/fllaurado.com\/ca\/wp-json\/wp\/v2\/media?parent=13232"}],"curies":[{"name":"wp","href":"https:\/\/api.w.org\/{rel}","templated":true}]}}